{"id":1887,"date":"2023-10-08T01:04:13","date_gmt":"2023-10-07T23:04:13","guid":{"rendered":"https:\/\/drone-video-photo.com\/?page_id=1887"},"modified":"2023-12-01T17:21:43","modified_gmt":"2023-12-01T16:21:43","slug":"modelisation-3d-photogrammetrie","status":"publish","type":"page","link":"https:\/\/drone-video-photo.com\/index.php\/modelisation-3d-photogrammetrie\/","title":{"rendered":"Mod\u00e9lisation 3D &#8211; Photogramm\u00e9trie"},"content":{"rendered":"\t\t<div data-elementor-type=\"wp-page\" data-elementor-id=\"1887\" class=\"elementor elementor-1887\">\n\t\t\t\t\t\t<section class=\"elementor-section elementor-top-section elementor-element elementor-element-63a9b60 elementor-section-boxed elementor-section-height-default elementor-section-height-default\" data-id=\"63a9b60\" data-element_type=\"section\" data-e-type=\"section\">\n\t\t\t\t\t\t<div class=\"elementor-container elementor-column-gap-default\">\n\t\t\t\t\t<div class=\"elementor-column elementor-col-100 elementor-top-column elementor-element elementor-element-10a983a\" data-id=\"10a983a\" data-element_type=\"column\" data-e-type=\"column\">\n\t\t\t<div class=\"elementor-widget-wrap elementor-element-populated\">\n\t\t\t\t\t\t<div class=\"elementor-element elementor-element-db40ed8 elementor-widget elementor-widget-heading\" data-id=\"db40ed8\" data-element_type=\"widget\" data-e-type=\"widget\" data-widget_type=\"heading.default\">\n\t\t\t\t<div class=\"elementor-widget-container\">\n\t\t\t\t\t<h2 class=\"elementor-heading-title elementor-size-medium\"><br><span style=\"color: var(--ast-global-color-2);font-size: 23px;font-style: italic;background-color: var(--ast-global-color-4)\">Mod\u00e9lisation 3D par drone et photogramm\u00e9trie <\/span><\/h2>\t\t\t\t<\/div>\n\t\t\t\t<\/div>\n\t\t\t\t\t<\/div>\n\t\t<\/div>\n\t\t\t\t\t<\/div>\n\t\t<\/section>\n\t\t\t\t<section class=\"elementor-section elementor-top-section elementor-element elementor-element-6aecb5f elementor-section-boxed elementor-section-height-default elementor-section-height-default\" data-id=\"6aecb5f\" data-element_type=\"section\" data-e-type=\"section\">\n\t\t\t\t\t\t\t<div class=\"elementor-background-overlay\"><\/div>\n\t\t\t\t\t\t\t<div class=\"elementor-container elementor-column-gap-default\">\n\t\t\t\t\t<div class=\"elementor-column elementor-col-100 elementor-top-column elementor-element elementor-element-9ba73df\" data-id=\"9ba73df\" data-element_type=\"column\" data-e-type=\"column\">\n\t\t\t<div class=\"elementor-widget-wrap elementor-element-populated\">\n\t\t\t\t\t\t<div class=\"elementor-element elementor-element-50b5988 elementor-widget-divider--view-line elementor-widget elementor-widget-divider\" data-id=\"50b5988\" data-element_type=\"widget\" data-e-type=\"widget\" data-widget_type=\"divider.default\">\n\t\t\t\t<div class=\"elementor-widget-container\">\n\t\t\t\t\t\t\t<div class=\"elementor-divider\">\n\t\t\t<span class=\"elementor-divider-separator\">\n\t\t\t\t\t\t<\/span>\n\t\t<\/div>\n\t\t\t\t\t\t<\/div>\n\t\t\t\t<\/div>\n\t\t\t\t\t<\/div>\n\t\t<\/div>\n\t\t\t\t\t<\/div>\n\t\t<\/section>\n\t\t\t\t<section class=\"elementor-section elementor-top-section elementor-element elementor-element-faef62a elementor-section-boxed elementor-section-height-default elementor-section-height-default\" data-id=\"faef62a\" data-element_type=\"section\" data-e-type=\"section\">\n\t\t\t\t\t\t\t<div class=\"elementor-background-overlay\"><\/div>\n\t\t\t\t\t\t\t<div class=\"elementor-container elementor-column-gap-default\">\n\t\t\t\t\t<div class=\"elementor-column elementor-col-50 elementor-top-column elementor-element elementor-element-fd9b41d\" data-id=\"fd9b41d\" data-element_type=\"column\" data-e-type=\"column\">\n\t\t\t<div class=\"elementor-widget-wrap elementor-element-populated\">\n\t\t\t\t\t\t<div class=\"elementor-element elementor-element-b1ed65a elementor-widget elementor-widget-image\" data-id=\"b1ed65a\" data-element_type=\"widget\" data-e-type=\"widget\" data-widget_type=\"image.default\">\n\t\t\t\t<div class=\"elementor-widget-container\">\n\t\t\t\t\t\t\t\t\t\t\t\t\t\t\t<img fetchpriority=\"high\" decoding=\"async\" width=\"1024\" height=\"768\" src=\"https:\/\/drone-video-photo.com\/wp-content\/uploads\/2023\/10\/DJI_0963-1024x768.jpg\" class=\"attachment-large size-large wp-image-1749\" alt=\"\" srcset=\"https:\/\/drone-video-photo.com\/wp-content\/uploads\/2023\/10\/DJI_0963-1024x768.jpg 1024w, https:\/\/drone-video-photo.com\/wp-content\/uploads\/2023\/10\/DJI_0963-scaled-600x450.jpg 600w, https:\/\/drone-video-photo.com\/wp-content\/uploads\/2023\/10\/DJI_0963-300x225.jpg 300w, https:\/\/drone-video-photo.com\/wp-content\/uploads\/2023\/10\/DJI_0963-768x576.jpg 768w, https:\/\/drone-video-photo.com\/wp-content\/uploads\/2023\/10\/DJI_0963-1536x1152.jpg 1536w, https:\/\/drone-video-photo.com\/wp-content\/uploads\/2023\/10\/DJI_0963-2048x1536.jpg 2048w\" sizes=\"(max-width: 1024px) 100vw, 1024px\" \/>\t\t\t\t\t\t\t\t\t\t\t\t\t\t\t<\/div>\n\t\t\t\t<\/div>\n\t\t\t\t\t<\/div>\n\t\t<\/div>\n\t\t\t\t<div class=\"elementor-column elementor-col-50 elementor-top-column elementor-element elementor-element-c2e6480\" data-id=\"c2e6480\" data-element_type=\"column\" data-e-type=\"column\">\n\t\t\t<div class=\"elementor-widget-wrap elementor-element-populated\">\n\t\t\t\t\t\t<div class=\"elementor-element elementor-element-8a7d8bc elementor-widget elementor-widget-video\" data-id=\"8a7d8bc\" data-element_type=\"widget\" data-e-type=\"widget\" data-settings=\"{&quot;youtube_url&quot;:&quot;https:\\\/\\\/youtu.be\\\/wmnXB6AT9OU&quot;,&quot;video_type&quot;:&quot;youtube&quot;,&quot;controls&quot;:&quot;yes&quot;}\" data-widget_type=\"video.default\">\n\t\t\t\t<div class=\"elementor-widget-container\">\n\t\t\t\t\t\t\t<div class=\"elementor-wrapper elementor-open-inline\">\n\t\t\t<div class=\"elementor-video\"><\/div>\t\t<\/div>\n\t\t\t\t\t\t<\/div>\n\t\t\t\t<\/div>\n\t\t\t\t\t<\/div>\n\t\t<\/div>\n\t\t\t\t\t<\/div>\n\t\t<\/section>\n\t\t\t\t<section class=\"elementor-section elementor-top-section elementor-element elementor-element-119fe65 elementor-section-boxed elementor-section-height-default elementor-section-height-default\" data-id=\"119fe65\" data-element_type=\"section\" data-e-type=\"section\">\n\t\t\t\t\t\t\t<div class=\"elementor-background-overlay\"><\/div>\n\t\t\t\t\t\t\t<div class=\"elementor-container elementor-column-gap-default\">\n\t\t\t\t\t<div class=\"elementor-column elementor-col-50 elementor-top-column elementor-element elementor-element-ecbf70d\" data-id=\"ecbf70d\" data-element_type=\"column\" data-e-type=\"column\">\n\t\t\t<div class=\"elementor-widget-wrap elementor-element-populated\">\n\t\t\t\t\t\t<div class=\"elementor-element elementor-element-3b29034 elementor-widget elementor-widget-image\" data-id=\"3b29034\" data-element_type=\"widget\" data-e-type=\"widget\" data-widget_type=\"image.default\">\n\t\t\t\t<div class=\"elementor-widget-container\">\n\t\t\t\t\t\t\t\t\t\t\t\t\t\t\t<img decoding=\"async\" width=\"778\" height=\"819\" src=\"https:\/\/drone-video-photo.com\/wp-content\/uploads\/2023\/10\/Extraits_mesures_surfaces.jpg\" class=\"attachment-large size-large wp-image-1744\" alt=\"\" srcset=\"https:\/\/drone-video-photo.com\/wp-content\/uploads\/2023\/10\/Extraits_mesures_surfaces.jpg 778w, https:\/\/drone-video-photo.com\/wp-content\/uploads\/2023\/10\/Extraits_mesures_surfaces-600x632.jpg 600w, https:\/\/drone-video-photo.com\/wp-content\/uploads\/2023\/10\/Extraits_mesures_surfaces-285x300.jpg 285w, https:\/\/drone-video-photo.com\/wp-content\/uploads\/2023\/10\/Extraits_mesures_surfaces-768x808.jpg 768w\" sizes=\"(max-width: 778px) 100vw, 778px\" \/>\t\t\t\t\t\t\t\t\t\t\t\t\t\t\t<\/div>\n\t\t\t\t<\/div>\n\t\t\t\t\t<\/div>\n\t\t<\/div>\n\t\t\t\t<div class=\"elementor-column elementor-col-50 elementor-top-column elementor-element elementor-element-ee58771\" data-id=\"ee58771\" data-element_type=\"column\" data-e-type=\"column\">\n\t\t\t<div class=\"elementor-widget-wrap elementor-element-populated\">\n\t\t\t\t\t\t<div class=\"elementor-element elementor-element-ea1fb30 elementor-widget elementor-widget-text-editor\" data-id=\"ea1fb30\" data-element_type=\"widget\" data-e-type=\"widget\" data-widget_type=\"text-editor.default\">\n\t\t\t\t<div class=\"elementor-widget-container\">\n\t\t\t\t\t\t\t\t\t<div>Les \u00e9tapes principales :<\/div><ul><li><span style=\"font-style: inherit; font-weight: inherit; color: var( --e-global-color-astglobalcolor0 ); background-color: var(--ast-global-color-4);\">En prenant de nombreuses photos haute r\u00e9solution g\u00e9olocalis\u00e9es, on g\u00e9n\u00e8re avec des outils sp\u00e9cialis\u00e9s un mod\u00e8le 3D pr\u00e9cis.<\/span><\/li><li><span style=\"font-style: inherit; font-weight: inherit; color: var( --e-global-color-astglobalcolor0 ); background-color: var(--ast-global-color-4);\">Sur le mod\u00e8le 3D, les prises de mesures sont effectu\u00e9es et dans la mission ci-contre, les valeurs de surfaces d\u00e9termin\u00e9es.<\/span><\/li><\/ul>\t\t\t\t\t\t\t\t<\/div>\n\t\t\t\t<\/div>\n\t\t\t\t\t<\/div>\n\t\t<\/div>\n\t\t\t\t\t<\/div>\n\t\t<\/section>\n\t\t\t\t<\/div>\n\t\t","protected":false},"excerpt":{"rendered":"<p>Mod\u00e9lisation 3D par drone et photogramm\u00e9trie Les \u00e9tapes principales : En prenant de nombreuses photos haute r\u00e9solution g\u00e9olocalis\u00e9es, on g\u00e9n\u00e8re avec des outils sp\u00e9cialis\u00e9s un mod\u00e8le 3D pr\u00e9cis. Sur le mod\u00e8le 3D, les prises de mesures sont effectu\u00e9es et dans la mission ci-contre, les valeurs de surfaces d\u00e9termin\u00e9es.<\/p>\n","protected":false},"author":1,"featured_media":0,"parent":0,"menu_order":0,"comment_status":"closed","ping_status":"closed","template":"","meta":{"_uag_custom_page_level_css":"","site-sidebar-layout":"no-sidebar","site-content-layout":"page-builder","ast-global-header-display":"","ast-banner-title-visibility":"","ast-main-header-display":"","ast-hfb-above-header-display":"","ast-hfb-below-header-display":"","ast-hfb-mobile-header-display":"","site-post-title":"disabled","ast-breadcrumbs-content":"","ast-featured-img":"disabled","footer-sml-layout":"","theme-transparent-header-meta":"","adv-header-id-meta":"","stick-header-meta":"","header-above-stick-meta":"","header-main-stick-meta":"","header-below-stick-meta":"","footnotes":""},"class_list":["post-1887","page","type-page","status-publish","hentry"],"aioseo_notices":[],"uagb_featured_image_src":{"full":false,"thumbnail":false,"medium":false,"medium_large":false,"large":false,"1536x1536":false,"2048x2048":false,"woocommerce_thumbnail":false,"woocommerce_single":false,"woocommerce_gallery_thumbnail":false},"uagb_author_info":{"display_name":"Drone-Vid\u00e9o-Photo","author_link":"https:\/\/drone-video-photo.com\/index.php\/author\/admin7870\/"},"uagb_comment_info":0,"uagb_excerpt":"Mod\u00e9lisation 3D par drone et photogramm\u00e9trie Les \u00e9tapes principales : En prenant de nombreuses photos haute r\u00e9solution g\u00e9olocalis\u00e9es, on g\u00e9n\u00e8re avec des outils sp\u00e9cialis\u00e9s un mod\u00e8le 3D pr\u00e9cis. Sur le mod\u00e8le 3D, les prises de mesures sont effectu\u00e9es et dans la mission ci-contre, les valeurs de surfaces d\u00e9termin\u00e9es.","_links":{"self":[{"href":"https:\/\/drone-video-photo.com\/index.php\/wp-json\/wp\/v2\/pages\/1887","targetHints":{"allow":["GET"]}}],"collection":[{"href":"https:\/\/drone-video-photo.com\/index.php\/wp-json\/wp\/v2\/pages"}],"about":[{"href":"https:\/\/drone-video-photo.com\/index.php\/wp-json\/wp\/v2\/types\/page"}],"author":[{"embeddable":true,"href":"https:\/\/drone-video-photo.com\/index.php\/wp-json\/wp\/v2\/users\/1"}],"replies":[{"embeddable":true,"href":"https:\/\/drone-video-photo.com\/index.php\/wp-json\/wp\/v2\/comments?post=1887"}],"version-history":[{"count":23,"href":"https:\/\/drone-video-photo.com\/index.php\/wp-json\/wp\/v2\/pages\/1887\/revisions"}],"predecessor-version":[{"id":1998,"href":"https:\/\/drone-video-photo.com\/index.php\/wp-json\/wp\/v2\/pages\/1887\/revisions\/1998"}],"wp:attachment":[{"href":"https:\/\/drone-video-photo.com\/index.php\/wp-json\/wp\/v2\/media?parent=1887"}],"curies":[{"name":"wp","href":"https:\/\/api.w.org\/{rel}","templated":true}]}}