{"id":1907,"date":"2023-10-08T09:35:31","date_gmt":"2023-10-08T07:35:31","guid":{"rendered":"https:\/\/drone-video-photo.com\/?page_id=1907"},"modified":"2023-12-01T17:18:23","modified_gmt":"2023-12-01T16:18:23","slug":"competences-accreditations","status":"publish","type":"page","link":"https:\/\/drone-video-photo.com\/index.php\/competences-accreditations\/","title":{"rendered":"Comp\u00e9tences-accr\u00e9ditations"},"content":{"rendered":"\t\t<div data-elementor-type=\"wp-page\" data-elementor-id=\"1907\" class=\"elementor elementor-1907\">\n\t\t\t\t\t\t<section class=\"elementor-section elementor-top-section elementor-element elementor-element-bbfc680 elementor-section-boxed elementor-section-height-default elementor-section-height-default\" data-id=\"bbfc680\" data-element_type=\"section\" data-e-type=\"section\" data-settings=\"{&quot;background_background&quot;:&quot;classic&quot;}\">\n\t\t\t\t\t\t\t<div class=\"elementor-background-overlay\"><\/div>\n\t\t\t\t\t\t\t<div class=\"elementor-container elementor-column-gap-no\">\n\t\t\t\t\t<div class=\"elementor-column elementor-col-100 elementor-top-column elementor-element elementor-element-09022e5\" data-id=\"09022e5\" data-element_type=\"column\" data-e-type=\"column\">\n\t\t\t<div class=\"elementor-widget-wrap elementor-element-populated\">\n\t\t\t\t\t\t<div class=\"elementor-element elementor-element-ac41ee3 elementor-widget elementor-widget-heading\" data-id=\"ac41ee3\" data-element_type=\"widget\" data-e-type=\"widget\" data-widget_type=\"heading.default\">\n\t\t\t\t<div class=\"elementor-widget-container\">\n\t\t\t\t\t<h2 class=\"elementor-heading-title elementor-size-default\">Comp\u00e9tences et accr\u00e9ditations <\/h2>\t\t\t\t<\/div>\n\t\t\t\t<\/div>\n\t\t\t\t<section class=\"elementor-section elementor-inner-section elementor-element elementor-element-1108196 elementor-section-boxed elementor-section-height-default elementor-section-height-default\" data-id=\"1108196\" data-element_type=\"section\" data-e-type=\"section\">\n\t\t\t\t\t\t<div class=\"elementor-container elementor-column-gap-no\">\n\t\t\t\t\t<div class=\"elementor-column elementor-col-66 elementor-inner-column elementor-element elementor-element-37d8ad1\" data-id=\"37d8ad1\" data-element_type=\"column\" data-e-type=\"column\">\n\t\t\t<div class=\"elementor-widget-wrap elementor-element-populated\">\n\t\t\t\t\t\t<div class=\"elementor-element elementor-element-c8a87bd elementor-widget-divider--view-line elementor-widget elementor-widget-divider\" data-id=\"c8a87bd\" data-element_type=\"widget\" data-e-type=\"widget\" data-widget_type=\"divider.default\">\n\t\t\t\t<div class=\"elementor-widget-container\">\n\t\t\t\t\t\t\t<div class=\"elementor-divider\">\n\t\t\t<span class=\"elementor-divider-separator\">\n\t\t\t\t\t\t<\/span>\n\t\t<\/div>\n\t\t\t\t\t\t<\/div>\n\t\t\t\t<\/div>\n\t\t\t\t<div class=\"elementor-element elementor-element-84966ef elementor-widget elementor-widget-text-editor\" data-id=\"84966ef\" data-element_type=\"widget\" data-e-type=\"widget\" data-widget_type=\"text-editor.default\">\n\t\t\t\t<div class=\"elementor-widget-container\">\n\t\t\t\t\t\t\t\t\t<p>Travaillant pr\u00e9c\u00e9demment&nbsp; dans&nbsp; l&rsquo;industrie et le domaine de la recherche et d\u00e9veloppement en \u00e9lectronique et informatique, amateur vid\u00e9aste depuis de nombreuses ann\u00e9es et pratiquant le drone depuis 2020, j&rsquo;ai fait en 2023 une formation officielle de T\u00e9l\u00e9pilote de drone&nbsp; pour activit\u00e9s professionnelles aupr\u00e8s d&rsquo;une soci\u00e9t\u00e9 accr\u00e9dit\u00e9e<\/p>\t\t\t\t\t\t\t\t<\/div>\n\t\t\t\t<\/div>\n\t\t\t\t<div class=\"elementor-element elementor-element-3186e0f elementor-widget elementor-widget-text-editor\" data-id=\"3186e0f\" data-element_type=\"widget\" data-e-type=\"widget\" data-widget_type=\"text-editor.default\">\n\t\t\t\t<div class=\"elementor-widget-container\">\n\t\t\t\t\t\t\t\t\t<p>Cette formation me permet de r\u00e9aliser des vols et prestations de prise de vue par drone jusqu&rsquo;\u00e0 25 kg en respectant la r\u00e8glementation nationale. Elle donne acc\u00e8s \u00e0 des outils officiels permettant de voler en toute l\u00e9galit\u00e9 et s\u00e9curit\u00e9, en g\u00e9rant les demandes d&rsquo;autorisations ad\u00e9quates aupr\u00e8s des organismes en charge des sites, pr\u00e9fectures et l&rsquo;arm\u00e9e<\/p>\t\t\t\t\t\t\t\t<\/div>\n\t\t\t\t<\/div>\n\t\t\t\t\t<\/div>\n\t\t<\/div>\n\t\t\t\t<div class=\"elementor-column elementor-col-33 elementor-inner-column elementor-element elementor-element-73e5cbb\" data-id=\"73e5cbb\" data-element_type=\"column\" data-e-type=\"column\">\n\t\t\t<div class=\"elementor-widget-wrap elementor-element-populated\">\n\t\t\t\t\t\t<div class=\"elementor-element elementor-element-c7e5b4c elementor-widget elementor-widget-heading\" data-id=\"c7e5b4c\" data-element_type=\"widget\" data-e-type=\"widget\" data-widget_type=\"heading.default\">\n\t\t\t\t<div class=\"elementor-widget-container\">\n\t\t\t\t\t<h6 class=\"elementor-heading-title elementor-size-default\"><br><br><br><br>BREVET d'Aptitude T\u00e9l\u00e9pilote de Drone<br><br>Certificat CATT theorique (DGAC\/DSAC)<br><br>attestation de formation pratique (droniz)<br><\/h6>\t\t\t\t<\/div>\n\t\t\t\t<\/div>\n\t\t\t\t\t<\/div>\n\t\t<\/div>\n\t\t\t\t\t<\/div>\n\t\t<\/section>\n\t\t\t\t<section class=\"elementor-section elementor-inner-section elementor-element elementor-element-6725b7a elementor-section-boxed elementor-section-height-default elementor-section-height-default\" data-id=\"6725b7a\" data-element_type=\"section\" data-e-type=\"section\">\n\t\t\t\t\t\t<div class=\"elementor-container elementor-column-gap-no\">\n\t\t\t\t\t<div class=\"elementor-column elementor-col-50 elementor-inner-column elementor-element elementor-element-1371a56\" data-id=\"1371a56\" data-element_type=\"column\" data-e-type=\"column\">\n\t\t\t<div class=\"elementor-widget-wrap elementor-element-populated\">\n\t\t\t\t\t\t<div class=\"elementor-element elementor-element-e49bc32 elementor-widget elementor-widget-image\" data-id=\"e49bc32\" data-element_type=\"widget\" data-e-type=\"widget\" data-widget_type=\"image.default\">\n\t\t\t\t<div class=\"elementor-widget-container\">\n\t\t\t\t\t\t\t\t\t\t\t\t\t\t\t<img fetchpriority=\"high\" decoding=\"async\" width=\"1024\" height=\"725\" src=\"https:\/\/drone-video-photo.com\/wp-content\/uploads\/2023\/05\/BAPD-1024x725.jpg\" class=\"attachment-large size-large wp-image-970\" alt=\"\" srcset=\"https:\/\/drone-video-photo.com\/wp-content\/uploads\/2023\/05\/BAPD-1024x725.jpg 1024w, https:\/\/drone-video-photo.com\/wp-content\/uploads\/2023\/05\/BAPD-600x425.jpg 600w, https:\/\/drone-video-photo.com\/wp-content\/uploads\/2023\/05\/BAPD-300x212.jpg 300w, https:\/\/drone-video-photo.com\/wp-content\/uploads\/2023\/05\/BAPD-768x544.jpg 768w, https:\/\/drone-video-photo.com\/wp-content\/uploads\/2023\/05\/BAPD.jpg 1192w\" sizes=\"(max-width: 1024px) 100vw, 1024px\" \/>\t\t\t\t\t\t\t\t\t\t\t\t\t\t\t<\/div>\n\t\t\t\t<\/div>\n\t\t\t\t\t<\/div>\n\t\t<\/div>\n\t\t\t\t<div class=\"elementor-column elementor-col-25 elementor-inner-column elementor-element elementor-element-81059ae\" data-id=\"81059ae\" data-element_type=\"column\" data-e-type=\"column\">\n\t\t\t<div class=\"elementor-widget-wrap elementor-element-populated\">\n\t\t\t\t\t\t<div class=\"elementor-element elementor-element-68e67c1 elementor-widget elementor-widget-image\" data-id=\"68e67c1\" data-element_type=\"widget\" data-e-type=\"widget\" data-widget_type=\"image.default\">\n\t\t\t\t<div class=\"elementor-widget-container\">\n\t\t\t\t\t\t\t\t\t\t\t\t\t\t\t<img decoding=\"async\" width=\"744\" height=\"1024\" src=\"https:\/\/drone-video-photo.com\/wp-content\/uploads\/2023\/05\/Lerisson_CATT-744x1024.jpg\" class=\"attachment-large size-large wp-image-964\" alt=\"\" srcset=\"https:\/\/drone-video-photo.com\/wp-content\/uploads\/2023\/05\/Lerisson_CATT-744x1024.jpg 744w, https:\/\/drone-video-photo.com\/wp-content\/uploads\/2023\/05\/Lerisson_CATT-scaled-600x826.jpg 600w, https:\/\/drone-video-photo.com\/wp-content\/uploads\/2023\/05\/Lerisson_CATT-218x300.jpg 218w, https:\/\/drone-video-photo.com\/wp-content\/uploads\/2023\/05\/Lerisson_CATT-768x1057.jpg 768w, https:\/\/drone-video-photo.com\/wp-content\/uploads\/2023\/05\/Lerisson_CATT-1116x1536.jpg 1116w, https:\/\/drone-video-photo.com\/wp-content\/uploads\/2023\/05\/Lerisson_CATT-1488x2048.jpg 1488w, https:\/\/drone-video-photo.com\/wp-content\/uploads\/2023\/05\/Lerisson_CATT-scaled.jpg 1860w\" sizes=\"(max-width: 744px) 100vw, 744px\" \/>\t\t\t\t\t\t\t\t\t\t\t\t\t\t\t<\/div>\n\t\t\t\t<\/div>\n\t\t\t\t\t<\/div>\n\t\t<\/div>\n\t\t\t\t<div class=\"elementor-column elementor-col-25 elementor-inner-column elementor-element elementor-element-92b2caf\" data-id=\"92b2caf\" data-element_type=\"column\" data-e-type=\"column\">\n\t\t\t<div class=\"elementor-widget-wrap elementor-element-populated\">\n\t\t\t\t\t\t<div class=\"elementor-element elementor-element-1ed425c elementor-widget elementor-widget-image\" data-id=\"1ed425c\" data-element_type=\"widget\" data-e-type=\"widget\" data-widget_type=\"image.default\">\n\t\t\t\t<div class=\"elementor-widget-container\">\n\t\t\t\t\t\t\t\t\t\t\t\t\t\t\t<img decoding=\"async\" width=\"644\" height=\"897\" src=\"https:\/\/drone-video-photo.com\/wp-content\/uploads\/2023\/05\/Formation_certificat.jpg\" class=\"attachment-large size-large wp-image-971\" alt=\"\" srcset=\"https:\/\/drone-video-photo.com\/wp-content\/uploads\/2023\/05\/Formation_certificat.jpg 644w, https:\/\/drone-video-photo.com\/wp-content\/uploads\/2023\/05\/Formation_certificat-600x836.jpg 600w, https:\/\/drone-video-photo.com\/wp-content\/uploads\/2023\/05\/Formation_certificat-215x300.jpg 215w\" sizes=\"(max-width: 644px) 100vw, 644px\" \/>\t\t\t\t\t\t\t\t\t\t\t\t\t\t\t<\/div>\n\t\t\t\t<\/div>\n\t\t\t\t\t<\/div>\n\t\t<\/div>\n\t\t\t\t\t<\/div>\n\t\t<\/section>\n\t\t\t\t\t<\/div>\n\t\t<\/div>\n\t\t\t\t\t<\/div>\n\t\t<\/section>\n\t\t\t\t<\/div>\n\t\t","protected":false},"excerpt":{"rendered":"<p>Comp\u00e9tences et accr\u00e9ditations Travaillant pr\u00e9c\u00e9demment&nbsp; dans&nbsp; l&rsquo;industrie et le domaine de la recherche et d\u00e9veloppement en \u00e9lectronique et informatique, amateur vid\u00e9aste depuis de nombreuses ann\u00e9es et pratiquant le drone depuis 2020, j&rsquo;ai fait en 2023 une formation officielle de T\u00e9l\u00e9pilote de drone&nbsp; pour activit\u00e9s professionnelles aupr\u00e8s d&rsquo;une soci\u00e9t\u00e9 accr\u00e9dit\u00e9e Cette formation me permet de r\u00e9aliser &hellip;<\/p>\n<p class=\"read-more\"> <a class=\"\" href=\"https:\/\/drone-video-photo.com\/index.php\/competences-accreditations\/\"> <span class=\"screen-reader-text\">Comp\u00e9tences-accr\u00e9ditations<\/span> Lire la suite\u00a0\u00bb<\/a><\/p>\n","protected":false},"author":1,"featured_media":0,"parent":0,"menu_order":0,"comment_status":"closed","ping_status":"closed","template":"","meta":{"_uag_custom_page_level_css":"","site-sidebar-layout":"no-sidebar","site-content-layout":"page-builder","ast-global-header-display":"","ast-banner-title-visibility":"","ast-main-header-display":"","ast-hfb-above-header-display":"","ast-hfb-below-header-display":"","ast-hfb-mobile-header-display":"","site-post-title":"disabled","ast-breadcrumbs-content":"","ast-featured-img":"disabled","footer-sml-layout":"","theme-transparent-header-meta":"","adv-header-id-meta":"","stick-header-meta":"","header-above-stick-meta":"","header-main-stick-meta":"","header-below-stick-meta":"","footnotes":""},"class_list":["post-1907","page","type-page","status-publish","hentry"],"aioseo_notices":[],"uagb_featured_image_src":{"full":false,"thumbnail":false,"medium":false,"medium_large":false,"large":false,"1536x1536":false,"2048x2048":false,"woocommerce_thumbnail":false,"woocommerce_single":false,"woocommerce_gallery_thumbnail":false},"uagb_author_info":{"display_name":"Drone-Vid\u00e9o-Photo","author_link":"https:\/\/drone-video-photo.com\/index.php\/author\/admin7870\/"},"uagb_comment_info":0,"uagb_excerpt":"Comp\u00e9tences et accr\u00e9ditations Travaillant pr\u00e9c\u00e9demment&nbsp; dans&nbsp; l&rsquo;industrie et le domaine de la recherche et d\u00e9veloppement en \u00e9lectronique et informatique, amateur vid\u00e9aste depuis de nombreuses ann\u00e9es et pratiquant le drone depuis 2020, j&rsquo;ai fait en 2023 une formation officielle de T\u00e9l\u00e9pilote de drone&nbsp; pour activit\u00e9s professionnelles aupr\u00e8s d&rsquo;une soci\u00e9t\u00e9 accr\u00e9dit\u00e9e Cette formation me permet de r\u00e9aliser\u2026","_links":{"self":[{"href":"https:\/\/drone-video-photo.com\/index.php\/wp-json\/wp\/v2\/pages\/1907","targetHints":{"allow":["GET"]}}],"collection":[{"href":"https:\/\/drone-video-photo.com\/index.php\/wp-json\/wp\/v2\/pages"}],"about":[{"href":"https:\/\/drone-video-photo.com\/index.php\/wp-json\/wp\/v2\/types\/page"}],"author":[{"embeddable":true,"href":"https:\/\/drone-video-photo.com\/index.php\/wp-json\/wp\/v2\/users\/1"}],"replies":[{"embeddable":true,"href":"https:\/\/drone-video-photo.com\/index.php\/wp-json\/wp\/v2\/comments?post=1907"}],"version-history":[{"count":14,"href":"https:\/\/drone-video-photo.com\/index.php\/wp-json\/wp\/v2\/pages\/1907\/revisions"}],"predecessor-version":[{"id":2011,"href":"https:\/\/drone-video-photo.com\/index.php\/wp-json\/wp\/v2\/pages\/1907\/revisions\/2011"}],"wp:attachment":[{"href":"https:\/\/drone-video-photo.com\/index.php\/wp-json\/wp\/v2\/media?parent=1907"}],"curies":[{"name":"wp","href":"https:\/\/api.w.org\/{rel}","templated":true}]}}