{"id":2140,"date":"2023-11-17T11:22:24","date_gmt":"2023-11-17T10:22:24","guid":{"rendered":"https:\/\/drone-video-photo.com\/index.php\/panier\/"},"modified":"2025-07-13T11:48:57","modified_gmt":"2025-07-13T09:48:57","slug":"panier","status":"publish","type":"page","link":"https:\/\/drone-video-photo.com\/index.php\/panier\/","title":{"rendered":"Panier"},"content":{"rendered":"\n<div data-block-name=\"woocommerce\/cart\" class=\"wp-block-woocommerce-cart alignwide is-loading\">\n<div data-block-name=\"woocommerce\/filled-cart-block\" class=\"wp-block-woocommerce-filled-cart-block\">\n<div data-block-name=\"woocommerce\/cart-items-block\" class=\"wp-block-woocommerce-cart-items-block\">\n<div data-block-name=\"woocommerce\/cart-line-items-block\" class=\"wp-block-woocommerce-cart-line-items-block\"><\/div>\n\n\n\n<div data-block-name=\"woocommerce\/cart-cross-sells-block\" class=\"wp-block-woocommerce-cart-cross-sells-block\">\n<h2 class=\"wp-block-heading has-large-font-size\">\u00c7a peut vous int\u00e9resser&#8230;<\/h2>\n\n\n\n<div data-block-name=\"woocommerce\/cart-cross-sells-products-block\" class=\"wp-block-woocommerce-cart-cross-sells-products-block\"><\/div>\n<\/div>\n<\/div>\n\n\n\n<div data-block-name=\"woocommerce\/cart-totals-block\" class=\"wp-block-woocommerce-cart-totals-block\">\n<div data-block-name=\"woocommerce\/cart-order-summary-block\" class=\"wp-block-woocommerce-cart-order-summary-block\">\n<div data-block-name=\"woocommerce\/cart-order-summary-heading-block\" class=\"wp-block-woocommerce-cart-order-summary-heading-block\"><\/div><div data-block-name=\"woocommerce\/cart-order-summary-coupon-form-block\" class=\"wp-block-woocommerce-cart-order-summary-coupon-form-block\"><\/div><div data-block-name=\"woocommerce\/cart-order-summary-totals-block\" class=\"wp-block-woocommerce-cart-order-summary-totals-block\">\n<div data-block-name=\"woocommerce\/cart-order-summary-subtotal-block\" class=\"wp-block-woocommerce-cart-order-summary-subtotal-block\"><\/div>\n<div data-block-name=\"woocommerce\/cart-order-summary-discount-block\" class=\"wp-block-woocommerce-cart-order-summary-discount-block\"><\/div>\n<div data-block-name=\"woocommerce\/cart-order-summary-fee-block\" class=\"wp-block-woocommerce-cart-order-summary-fee-block\"><\/div>\n<div data-block-name=\"woocommerce\/cart-order-summary-shipping-block\" class=\"wp-block-woocommerce-cart-order-summary-shipping-block\"><\/div>\n<div data-block-name=\"woocommerce\/cart-order-summary-taxes-block\" class=\"wp-block-woocommerce-cart-order-summary-taxes-block\"><\/div><\/div>\n<\/div>\n\n\n\n<div data-block-name=\"woocommerce\/cart-express-payment-block\" class=\"wp-block-woocommerce-cart-express-payment-block\"><\/div>\n\n\n\n<div data-block-name=\"woocommerce\/proceed-to-checkout-block\" class=\"wp-block-woocommerce-proceed-to-checkout-block\"><\/div>\n\n\n\n<div data-block-name=\"woocommerce\/cart-accepted-payment-methods-block\" class=\"wp-block-woocommerce-cart-accepted-payment-methods-block\"><\/div>\n<\/div>\n<\/div>\n\n\n\n<div data-block-name=\"woocommerce\/empty-cart-block\" class=\"wp-block-woocommerce-empty-cart-block\">\n<h2 class=\"wp-block-heading has-text-align-center with-empty-cart-icon wc-block-cart__empty-cart__title\">Votre panier est actuellement vide\u00a0!<\/h2>\n\n\n\n<hr class=\"wp-block-separator has-alpha-channel-opacity is-style-dots\"\/>\n\n\n\n<h2 class=\"wp-block-heading has-text-align-center\">Nouveau dans la boutique<\/h2>\n\n\n<div data-block-name=\"woocommerce\/product-new\" data-columns=\"4\" data-rows=\"1\" class=\"wc-block-grid wp-block-product-new wp-block-woocommerce-product-new wc-block-product-new has-4-columns\"><ul class=\"wc-block-grid__products\"><li class=\"wc-block-grid__product\">\n\t\t\t\t<a href=\"https:\/\/drone-video-photo.com\/index.php\/produit\/video-aerienne-3-minutes-par-drone-maison-propriete-pour-particulier-sur-communaute-urbaine-de-bordeaux\/\" class=\"wc-block-grid__product-link\">\n\t\t\t\t\t<div class=\"wc-block-grid__product-onsale\">\n\t\t\t<span aria-hidden=\"true\">Promo<\/span>\n\t\t\t<span class=\"screen-reader-text\">Produit en promotion<\/span>\n\t\t<\/div>\n\t\t\t\t\t<div class=\"wc-block-grid__product-image\"><img fetchpriority=\"high\" decoding=\"async\" width=\"300\" height=\"300\" src=\"https:\/\/drone-video-photo.com\/wp-content\/uploads\/2023\/11\/Capture_Vegas-300x300.jpg\" class=\"attachment-woocommerce_thumbnail size-woocommerce_thumbnail\" alt=\"Vid\u00e9o a\u00e9rienne 3 minutes par drone maison-propri\u00e9t\u00e9 pour particulier (sur communaut\u00e9 urbaine de Bordeaux)\" srcset=\"https:\/\/drone-video-photo.com\/wp-content\/uploads\/2023\/11\/Capture_Vegas-300x300.jpg 300w, https:\/\/drone-video-photo.com\/wp-content\/uploads\/2023\/11\/Capture_Vegas-150x150.jpg 150w, https:\/\/drone-video-photo.com\/wp-content\/uploads\/2023\/11\/Capture_Vegas-100x100.jpg 100w\" sizes=\"(max-width: 300px) 100vw, 300px\" \/><\/div>\n\t\t\t\t\t<div class=\"wc-block-grid__product-title\">Vid\u00e9o a\u00e9rienne 3 minutes par drone maison-propri\u00e9t\u00e9 pour particulier (sur communaut\u00e9 urbaine de Bordeaux)<\/div>\n\t\t\t\t<\/a>\n\t\t\t\t<div class=\"wc-block-grid__product-price price\"><del aria-hidden=\"true\"><span class=\"woocommerce-Price-amount amount\">165,00&nbsp;<span class=\"woocommerce-Price-currencySymbol\">&euro;<\/span><\/span><\/del> <span class=\"screen-reader-text\">Le prix initial \u00e9tait\u00a0: 165,00&nbsp;&euro;.<\/span><ins aria-hidden=\"true\"><span class=\"woocommerce-Price-amount amount\">150,00&nbsp;<span class=\"woocommerce-Price-currencySymbol\">&euro;<\/span><\/span><\/ins><span class=\"screen-reader-text\">Le prix actuel est\u00a0: 150,00&nbsp;&euro;.<\/span><\/div>\n\t\t\t\t\n\t\t\t\t<div class=\"wp-block-button wc-block-grid__product-add-to-cart\"><a href=\"\/index.php\/wp-json\/wp\/v2\/pages\/2140?add-to-cart=2315\" aria-label=\"Ajouter au panier\u00a0: &ldquo;Vid\u00e9o a\u00e9rienne 3 minutes par drone maison-propri\u00e9t\u00e9 pour particulier (sur communaut\u00e9 urbaine de Bordeaux)&rdquo;\" data-quantity=\"1\" data-product_id=\"2315\" data-product_sku=\"pack-5-photos-sur-communaute-de-bordeaux-2-1-1\" data-price=\"150\" rel=\"nofollow\" class=\"wp-block-button__link  add_to_cart_button ajax_add_to_cart\">Ajouter au panier<\/a><\/div>\n\t\t\t<\/li><li class=\"wc-block-grid__product\">\n\t\t\t\t<a href=\"https:\/\/drone-video-photo.com\/index.php\/produit\/video-aerienne-2-minutes-par-drone-maison-propriete-pour-particulier-sur-communaute-urbaine-de-bordeaux\/\" class=\"wc-block-grid__product-link\">\n\t\t\t\t\t<div class=\"wc-block-grid__product-onsale\">\n\t\t\t<span aria-hidden=\"true\">Promo<\/span>\n\t\t\t<span class=\"screen-reader-text\">Produit en promotion<\/span>\n\t\t<\/div>\n\t\t\t\t\t<div class=\"wc-block-grid__product-image\"><img decoding=\"async\" width=\"300\" height=\"300\" src=\"https:\/\/drone-video-photo.com\/wp-content\/uploads\/2023\/11\/Capture_Vegas-300x300.jpg\" class=\"attachment-woocommerce_thumbnail size-woocommerce_thumbnail\" alt=\"Vid\u00e9o a\u00e9rienne 2 minutes par drone maison-propri\u00e9t\u00e9 pour particulier (sur communaut\u00e9 urbaine de Bordeaux)\" srcset=\"https:\/\/drone-video-photo.com\/wp-content\/uploads\/2023\/11\/Capture_Vegas-300x300.jpg 300w, https:\/\/drone-video-photo.com\/wp-content\/uploads\/2023\/11\/Capture_Vegas-150x150.jpg 150w, https:\/\/drone-video-photo.com\/wp-content\/uploads\/2023\/11\/Capture_Vegas-100x100.jpg 100w\" sizes=\"(max-width: 300px) 100vw, 300px\" \/><\/div>\n\t\t\t\t\t<div class=\"wc-block-grid__product-title\">Vid\u00e9o a\u00e9rienne 2 minutes par drone maison-propri\u00e9t\u00e9 pour particulier (sur communaut\u00e9 urbaine de Bordeaux)<\/div>\n\t\t\t\t<\/a>\n\t\t\t\t<div class=\"wc-block-grid__product-price price\"><del aria-hidden=\"true\"><span class=\"woocommerce-Price-amount amount\">145,00&nbsp;<span class=\"woocommerce-Price-currencySymbol\">&euro;<\/span><\/span><\/del> <span class=\"screen-reader-text\">Le prix initial \u00e9tait\u00a0: 145,00&nbsp;&euro;.<\/span><ins aria-hidden=\"true\"><span class=\"woocommerce-Price-amount amount\">130,00&nbsp;<span class=\"woocommerce-Price-currencySymbol\">&euro;<\/span><\/span><\/ins><span class=\"screen-reader-text\">Le prix actuel est\u00a0: 130,00&nbsp;&euro;.<\/span><\/div>\n\t\t\t\t\n\t\t\t\t<div class=\"wp-block-button wc-block-grid__product-add-to-cart\"><a href=\"\/index.php\/wp-json\/wp\/v2\/pages\/2140?add-to-cart=2314\" aria-label=\"Ajouter au panier\u00a0: &ldquo;Vid\u00e9o a\u00e9rienne 2 minutes par drone maison-propri\u00e9t\u00e9 pour particulier (sur communaut\u00e9 urbaine de Bordeaux)&rdquo;\" data-quantity=\"1\" data-product_id=\"2314\" data-product_sku=\"pack-5-photos-sur-communaute-de-bordeaux-2-1\" data-price=\"130\" rel=\"nofollow\" class=\"wp-block-button__link  add_to_cart_button ajax_add_to_cart\">Ajouter au panier<\/a><\/div>\n\t\t\t<\/li><li class=\"wc-block-grid__product\">\n\t\t\t\t<a href=\"https:\/\/drone-video-photo.com\/index.php\/produit\/video-aerienne-1-minute-par-drone-maison-propriete-pour-particulier-sur-communaute-urbaine-de-bordeaux\/\" class=\"wc-block-grid__product-link\">\n\t\t\t\t\t<div class=\"wc-block-grid__product-onsale\">\n\t\t\t<span aria-hidden=\"true\">Promo<\/span>\n\t\t\t<span class=\"screen-reader-text\">Produit en promotion<\/span>\n\t\t<\/div>\n\t\t\t\t\t<div class=\"wc-block-grid__product-image\"><img decoding=\"async\" width=\"300\" height=\"300\" src=\"https:\/\/drone-video-photo.com\/wp-content\/uploads\/2023\/11\/Capture_Vegas-300x300.jpg\" class=\"attachment-woocommerce_thumbnail size-woocommerce_thumbnail\" alt=\"Vid\u00e9o a\u00e9rienne 1 minute par drone maison-propri\u00e9t\u00e9 pour particulier (sur communaut\u00e9 urbaine de Bordeaux)\" srcset=\"https:\/\/drone-video-photo.com\/wp-content\/uploads\/2023\/11\/Capture_Vegas-300x300.jpg 300w, https:\/\/drone-video-photo.com\/wp-content\/uploads\/2023\/11\/Capture_Vegas-150x150.jpg 150w, https:\/\/drone-video-photo.com\/wp-content\/uploads\/2023\/11\/Capture_Vegas-100x100.jpg 100w\" sizes=\"(max-width: 300px) 100vw, 300px\" \/><\/div>\n\t\t\t\t\t<div class=\"wc-block-grid__product-title\">Vid\u00e9o a\u00e9rienne 1 minute par drone maison-propri\u00e9t\u00e9 pour particulier (sur communaut\u00e9 urbaine de Bordeaux)<\/div>\n\t\t\t\t<\/a>\n\t\t\t\t<div class=\"wc-block-grid__product-price price\"><del aria-hidden=\"true\"><span class=\"woocommerce-Price-amount amount\">105,00&nbsp;<span class=\"woocommerce-Price-currencySymbol\">&euro;<\/span><\/span><\/del> <span class=\"screen-reader-text\">Le prix initial \u00e9tait\u00a0: 105,00&nbsp;&euro;.<\/span><ins aria-hidden=\"true\"><span class=\"woocommerce-Price-amount amount\">90,00&nbsp;<span class=\"woocommerce-Price-currencySymbol\">&euro;<\/span><\/span><\/ins><span class=\"screen-reader-text\">Le prix actuel est\u00a0: 90,00&nbsp;&euro;.<\/span><\/div>\n\t\t\t\t\n\t\t\t\t<div class=\"wp-block-button wc-block-grid__product-add-to-cart\"><a href=\"\/index.php\/wp-json\/wp\/v2\/pages\/2140?add-to-cart=2312\" aria-label=\"Ajouter au panier\u00a0: &ldquo;Vid\u00e9o a\u00e9rienne 1 minute par drone maison-propri\u00e9t\u00e9 pour particulier (sur communaut\u00e9 urbaine de Bordeaux)&rdquo;\" data-quantity=\"1\" data-product_id=\"2312\" data-product_sku=\"pack-5-photos-sur-communaute-de-bordeaux-2\" data-price=\"90\" rel=\"nofollow\" class=\"wp-block-button__link  add_to_cart_button ajax_add_to_cart\">Ajouter au panier<\/a><\/div>\n\t\t\t<\/li><li class=\"wc-block-grid__product\">\n\t\t\t\t<a href=\"https:\/\/drone-video-photo.com\/index.php\/produit\/pack-10-photos-aerienne-maison-propriete-pour-particulier-sur-communaute-de-bordeaux\/\" class=\"wc-block-grid__product-link\">\n\t\t\t\t\t<div class=\"wc-block-grid__product-onsale\">\n\t\t\t<span aria-hidden=\"true\">Promo<\/span>\n\t\t\t<span class=\"screen-reader-text\">Produit en promotion<\/span>\n\t\t<\/div>\n\t\t\t\t\t<div class=\"wc-block-grid__product-image\"><img loading=\"lazy\" decoding=\"async\" width=\"300\" height=\"300\" src=\"https:\/\/drone-video-photo.com\/wp-content\/uploads\/2023\/10\/DJI_0964-scaled-300x300.jpg\" class=\"attachment-woocommerce_thumbnail size-woocommerce_thumbnail\" alt=\"Pack 10 photos a\u00e9riennes maison-propri\u00e9t\u00e9 par drone pour particulier (sur communaut\u00e9 urbaine de Bordeaux)\" srcset=\"https:\/\/drone-video-photo.com\/wp-content\/uploads\/2023\/10\/DJI_0964-scaled-300x300.jpg 300w, https:\/\/drone-video-photo.com\/wp-content\/uploads\/2023\/10\/DJI_0964-scaled-100x100.jpg 100w, https:\/\/drone-video-photo.com\/wp-content\/uploads\/2023\/10\/DJI_0964-150x150.jpg 150w\" sizes=\"(max-width: 300px) 100vw, 300px\" \/><\/div>\n\t\t\t\t\t<div class=\"wc-block-grid__product-title\">Pack 10 photos a\u00e9riennes maison-propri\u00e9t\u00e9 par drone pour particulier (sur communaut\u00e9 urbaine de Bordeaux)<\/div>\n\t\t\t\t<\/a>\n\t\t\t\t<div class=\"wc-block-grid__product-price price\"><del aria-hidden=\"true\"><span class=\"woocommerce-Price-amount amount\">85,00&nbsp;<span class=\"woocommerce-Price-currencySymbol\">&euro;<\/span><\/span><\/del> <span class=\"screen-reader-text\">Le prix initial \u00e9tait\u00a0: 85,00&nbsp;&euro;.<\/span><ins aria-hidden=\"true\"><span class=\"woocommerce-Price-amount amount\">70,00&nbsp;<span class=\"woocommerce-Price-currencySymbol\">&euro;<\/span><\/span><\/ins><span class=\"screen-reader-text\">Le prix actuel est\u00a0: 70,00&nbsp;&euro;.<\/span><\/div>\n\t\t\t\t\n\t\t\t\t<div class=\"wp-block-button wc-block-grid__product-add-to-cart\"><a href=\"\/index.php\/wp-json\/wp\/v2\/pages\/2140?add-to-cart=2311\" aria-label=\"Ajouter au panier\u00a0: &ldquo;Pack 10 photos a\u00e9riennes maison-propri\u00e9t\u00e9 par drone pour particulier (sur communaut\u00e9 urbaine de Bordeaux)&rdquo;\" data-quantity=\"1\" data-product_id=\"2311\" data-product_sku=\"pack-5-photos-sur-communaute-de-bordeaux-1\" data-price=\"70\" rel=\"nofollow\" class=\"wp-block-button__link  add_to_cart_button ajax_add_to_cart\">Ajouter au panier<\/a><\/div>\n\t\t\t<\/li><\/ul><\/div><\/div>\n<\/div>\n","protected":false},"excerpt":{"rendered":"","protected":false},"author":1,"featured_media":0,"parent":0,"menu_order":0,"comment_status":"closed","ping_status":"closed","template":"","meta":{"_uag_custom_page_level_css":"","site-sidebar-layout":"default","site-content-layout":"default","ast-global-header-display":"","ast-banner-title-visibility":"","ast-main-header-display":"","ast-hfb-above-header-display":"","ast-hfb-below-header-display":"","ast-hfb-mobile-header-display":"","site-post-title":"","ast-breadcrumbs-content":"","ast-featured-img":"","footer-sml-layout":"","theme-transparent-header-meta":"","adv-header-id-meta":"","stick-header-meta":"","header-above-stick-meta":"","header-main-stick-meta":"","header-below-stick-meta":"","footnotes":""},"class_list":["post-2140","page","type-page","status-publish","hentry"],"aioseo_notices":[],"uagb_featured_image_src":{"full":false,"thumbnail":false,"medium":false,"medium_large":false,"large":false,"1536x1536":false,"2048x2048":false,"woocommerce_thumbnail":false,"woocommerce_single":false,"woocommerce_gallery_thumbnail":false},"uagb_author_info":{"display_name":"Drone-Vid\u00e9o-Photo","author_link":"https:\/\/drone-video-photo.com\/index.php\/author\/admin7870\/"},"uagb_comment_info":0,"uagb_excerpt":null,"_links":{"self":[{"href":"https:\/\/drone-video-photo.com\/index.php\/wp-json\/wp\/v2\/pages\/2140","targetHints":{"allow":["GET"]}}],"collection":[{"href":"https:\/\/drone-video-photo.com\/index.php\/wp-json\/wp\/v2\/pages"}],"about":[{"href":"https:\/\/drone-video-photo.com\/index.php\/wp-json\/wp\/v2\/types\/page"}],"author":[{"embeddable":true,"href":"https:\/\/drone-video-photo.com\/index.php\/wp-json\/wp\/v2\/users\/1"}],"replies":[{"embeddable":true,"href":"https:\/\/drone-video-photo.com\/index.php\/wp-json\/wp\/v2\/comments?post=2140"}],"version-history":[{"count":1,"href":"https:\/\/drone-video-photo.com\/index.php\/wp-json\/wp\/v2\/pages\/2140\/revisions"}],"predecessor-version":[{"id":2554,"href":"https:\/\/drone-video-photo.com\/index.php\/wp-json\/wp\/v2\/pages\/2140\/revisions\/2554"}],"wp:attachment":[{"href":"https:\/\/drone-video-photo.com\/index.php\/wp-json\/wp\/v2\/media?parent=2140"}],"curies":[{"name":"wp","href":"https:\/\/api.w.org\/{rel}","templated":true}]}}