{"id":2143,"date":"2023-11-30T11:28:58","date_gmt":"2023-11-30T10:28:58","guid":{"rendered":"https:\/\/drone-video-photo.com\/?page_id=2143"},"modified":"2023-12-01T17:19:49","modified_gmt":"2023-12-01T16:19:49","slug":"remboursements_retours","status":"publish","type":"page","link":"https:\/\/drone-video-photo.com\/index.php\/remboursements_retours\/","title":{"rendered":"Conditions g\u00e9n\u00e9rales de vente"},"content":{"rendered":"\t\t<div data-elementor-type=\"wp-page\" data-elementor-id=\"2143\" class=\"elementor elementor-2143\">\n\t\t\t\t\t\t<section class=\"elementor-section elementor-top-section elementor-element elementor-element-404ebfc9 elementor-section-boxed elementor-section-height-default elementor-section-height-default\" data-id=\"404ebfc9\" data-element_type=\"section\" data-e-type=\"section\">\n\t\t\t\t\t\t<div class=\"elementor-container elementor-column-gap-default\">\n\t\t\t\t\t<div class=\"elementor-column elementor-col-100 elementor-top-column elementor-element elementor-element-42e923c8\" data-id=\"42e923c8\" data-element_type=\"column\" data-e-type=\"column\">\n\t\t\t<div class=\"elementor-widget-wrap elementor-element-populated\">\n\t\t\t\t\t\t<div class=\"elementor-element elementor-element-69d9418a elementor-widget elementor-widget-text-editor\" data-id=\"69d9418a\" data-element_type=\"widget\" data-e-type=\"widget\" data-widget_type=\"text-editor.default\">\n\t\t\t\t<div class=\"elementor-widget-container\">\n\t\t\t\t\t\t\t\t\t<p><\/p>\n<p><span style=\"color: #1a1a1a; font-family: Poppins, sans-serif;\"><span style=\"font-size: 48px;\"><b>G\u00e9n\u00e9ralit\u00e9s<\/b><\/span><\/span><\/p>\n<p><\/p>\n<p><\/p>\n<p><span style=\"background-color: var(--ast-global-color-4); -webkit-tap-highlight-color: transparent; cursor: pointer; color: #3c4043; font-family: Roboto, RobotoDraft, Helvetica, Arial, sans-serif; font-size: 18px; white-space-collapse: preserve;\">Avant de passer commande sur le site, en dehors de cartes cadeaux, il est conseill\u00e9 de nous contacter pr\u00e9alablement pour pr\u00e9ciser les d\u00e9tails de la prestation demand\u00e9e afin qu&rsquo;elle r\u00e9ponse parfaitement \u00e0 votre besoin.<\/span><\/p>\n<p><span style=\"background-color: var(--ast-global-color-4); -webkit-tap-highlight-color: transparent; cursor: pointer; color: #3c4043; font-family: Roboto, RobotoDraft, Helvetica, Arial, sans-serif; font-size: 18px; white-space-collapse: preserve;\">Notre politique de remboursement et de retour dure 30 jours.<\/span> <span style=\"background-color: var(--ast-global-color-4); -webkit-tap-highlight-color: transparent; cursor: pointer; color: #3c4043; font-family: Roboto, RobotoDraft, Helvetica, Arial, sans-serif; font-size: 18px; white-space-collapse: preserve;\">Si 30 jours se sont \u00e9coul\u00e9s depuis votre achat, nous ne pouvons pas vous proposer un remboursement.<\/span><\/p>\n<p><span style=\"-webkit-tap-highlight-color: transparent; cursor: pointer; color: #3c4043; font-family: Roboto, RobotoDraft, Helvetica, Arial, sans-serif; font-size: 18px; white-space-collapse: preserve;\">Pour pouvoir b\u00e9n\u00e9ficier d&rsquo;un remboursement, votre article doit \u00eatre inutilis\u00e9.<\/span><span style=\"-webkit-tap-highlight-color: transparent; color: #3c4043; font-family: Roboto, RobotoDraft, Helvetica, Arial, sans-serif; font-size: 18px; white-space-collapse: preserve;\"><br \/><\/span><\/p>\n<h2><span style=\"font-size: 48px;\">Remboursement<\/span><\/h2>\n<p><\/p>\n<p><\/p>\n<p><span style=\"-webkit-tap-highlight-color: transparent; cursor: pointer; color: #3c4043; font-family: Roboto, RobotoDraft, Helvetica, Arial, sans-serif; font-size: 18px; white-space-collapse: preserve;\">Une fois votre retour re\u00e7u et analys\u00e9, nous vous enverrons un e-mail pour vous informer <\/span><span style=\"-webkit-tap-highlight-color: transparent; cursor: pointer; color: #3c4043; font-family: Roboto, RobotoDraft, Helvetica, Arial, sans-serif; font-size: 18px; white-space-collapse: preserve;\">de l\u2019approbation ou du rejet de votre remboursement.<\/span><\/p>\n<p><span style=\"-webkit-tap-highlight-color: transparent; cursor: pointer; color: #3c4043; font-family: Roboto, RobotoDraft, Helvetica, Arial, sans-serif; font-size: 18px; white-space-collapse: preserve;\">Si votre demande est approuv\u00e9e, votre remboursement sera trait\u00e9 et un cr\u00e9dit sera automatiquement appliqu\u00e9 \u00e0 votre carte de cr\u00e9dit ou \u00e0 votre mode de paiement d&rsquo;origine, dans un certain nombre de jours.<\/span><\/p>\n<p><span style=\"-webkit-tap-highlight-color: transparent; cursor: pointer; color: #3c4043; font-family: Roboto, RobotoDraft, Helvetica, Arial, sans-serif; font-size: 18px; white-space-collapse: preserve;\">Remboursements tardifs ou manquants.<\/span><span style=\"-webkit-tap-highlight-color: transparent; color: #3c4043; font-family: Roboto, RobotoDraft, Helvetica, Arial, sans-serif; font-size: 18px; white-space-collapse: preserve;\"><br \/><\/span><span style=\"-webkit-tap-highlight-color: transparent; cursor: pointer; color: #3c4043; font-family: Roboto, RobotoDraft, Helvetica, Arial, sans-serif; font-size: 18px; white-space-collapse: preserve;\">Si vous n\u2019avez pas encore re\u00e7u de remboursement, v\u00e9rifiez d\u2019abord \u00e0 nouveau votre compte bancaire.<\/span><\/p>\n<p><span style=\"-webkit-tap-highlight-color: transparent; cursor: pointer; color: #3c4043; font-family: Roboto, RobotoDraft, Helvetica, Arial, sans-serif; font-size: 18px; white-space-collapse: preserve;\">Contactez ensuite la soci\u00e9t\u00e9 \u00e9mettrice de votre carte de cr\u00e9dit, cela peut prendre un certain temps avant que votre remboursement ne soit officiellement affich\u00e9.<\/span><\/p>\n<p><span style=\"-webkit-tap-highlight-color: transparent; cursor: pointer; color: #3c4043; font-family: Roboto, RobotoDraft, Helvetica, Arial, sans-serif; font-size: 18px; white-space-collapse: preserve;\">Contactez ensuite votre banque.<\/span> <span style=\"-webkit-tap-highlight-color: transparent; cursor: pointer; color: #3c4043; font-family: Roboto, RobotoDraft, Helvetica, Arial, sans-serif; font-size: 18px; white-space-collapse: preserve;\">Il y a souvent un certain temps de traitement avant qu&rsquo;un remboursement ne soit enregistr\u00e9.<\/span><\/p>\n<p><span style=\"-webkit-tap-highlight-color: transparent; cursor: pointer; color: #3c4043; font-family: Roboto, RobotoDraft, Helvetica, Arial, sans-serif; font-size: 18px; white-space-collapse: preserve;\">Si vous avez fait tout cela et que vous n&rsquo;avez toujours pas re\u00e7u votre remboursement, veuillez nous contacter \u00e0 : contact@drone-video-photo.com.<\/span><\/p>\n<h2 style=\"font-style: normal;\"><span style=\"font-size: 48px;\">Cadeaux<\/span><\/h2>\n<p><\/p>\n<p><\/p>\n<p><span style=\"-webkit-tap-highlight-color: transparent; cursor: pointer; background-color: #d2e3fc; color: #3c4043; font-family: Roboto, RobotoDraft, Helvetica, Arial, sans-serif; font-size: 18px; white-space-collapse: preserve;\"><span style=\"-webkit-tap-highlight-color: transparent;\">Si l&rsquo;article a \u00e9t\u00e9 marqu\u00e9 comme cadeau lors de son achat, vous recevrez un code de r\u00e9duction correspondant \u00e0 la valeur de la carte cadeau.<\/span><\/span> <span style=\"-webkit-tap-highlight-color: transparent; cursor: pointer; color: #3c4043; font-family: Roboto, RobotoDraft, Helvetica, Arial, sans-serif; font-size: 18px; white-space-collapse: preserve;\">Lors d&rsquo;une commande, vous utiliser le code de r\u00e9duction valable sur un article et une seule fois par utilisateur.<\/span><\/p>\n<p>\u00a0<\/p>\n<p><\/p>\n<p><\/p>\n<h2 style=\"font-style: normal;\"><span style=\"font-size: 48px;\">Besoin d&rsquo;aide ?<\/span><\/h2>\n<p><\/p>\n<p><\/p>\n<p>Contactez nous \u00e0 l&rsquo;adresse : contact@drone-video-photo.com.<\/p>\n<p><\/p>\t\t\t\t\t\t\t\t<\/div>\n\t\t\t\t<\/div>\n\t\t\t\t\t<\/div>\n\t\t<\/div>\n\t\t\t\t\t<\/div>\n\t\t<\/section>\n\t\t\t\t<\/div>\n\t\t","protected":false},"excerpt":{"rendered":"<p>G\u00e9n\u00e9ralit\u00e9s Avant de passer commande sur le site, en dehors de cartes cadeaux, il est conseill\u00e9 de nous contacter pr\u00e9alablement pour pr\u00e9ciser les d\u00e9tails de la prestation demand\u00e9e afin qu&rsquo;elle r\u00e9ponse parfaitement \u00e0 votre besoin. Notre politique de remboursement et de retour dure 30 jours. Si 30 jours se sont \u00e9coul\u00e9s depuis votre achat, nous &hellip;<\/p>\n<p class=\"read-more\"> <a class=\"\" href=\"https:\/\/drone-video-photo.com\/index.php\/remboursements_retours\/\"> <span class=\"screen-reader-text\">Conditions g\u00e9n\u00e9rales de vente<\/span> Lire la suite\u00a0\u00bb<\/a><\/p>\n","protected":false},"author":1,"featured_media":0,"parent":0,"menu_order":0,"comment_status":"closed","ping_status":"closed","template":"","meta":{"_uag_custom_page_level_css":"","site-sidebar-layout":"default","site-content-layout":"default","ast-global-header-display":"","ast-banner-title-visibility":"","ast-main-header-display":"","ast-hfb-above-header-display":"","ast-hfb-below-header-display":"","ast-hfb-mobile-header-display":"","site-post-title":"","ast-breadcrumbs-content":"","ast-featured-img":"","footer-sml-layout":"","theme-transparent-header-meta":"","adv-header-id-meta":"","stick-header-meta":"","header-above-stick-meta":"","header-main-stick-meta":"","header-below-stick-meta":"","footnotes":""},"class_list":["post-2143","page","type-page","status-publish","hentry"],"aioseo_notices":[],"uagb_featured_image_src":{"full":false,"thumbnail":false,"medium":false,"medium_large":false,"large":false,"1536x1536":false,"2048x2048":false,"woocommerce_thumbnail":false,"woocommerce_single":false,"woocommerce_gallery_thumbnail":false},"uagb_author_info":{"display_name":"Drone-Vid\u00e9o-Photo","author_link":"https:\/\/drone-video-photo.com\/index.php\/author\/admin7870\/"},"uagb_comment_info":0,"uagb_excerpt":"G\u00e9n\u00e9ralit\u00e9s Avant de passer commande sur le site, en dehors de cartes cadeaux, il est conseill\u00e9 de nous contacter pr\u00e9alablement pour pr\u00e9ciser les d\u00e9tails de la prestation demand\u00e9e afin qu&rsquo;elle r\u00e9ponse parfaitement \u00e0 votre besoin. Notre politique de remboursement et de retour dure 30 jours. Si 30 jours se sont \u00e9coul\u00e9s depuis votre achat, nous\u2026","_links":{"self":[{"href":"https:\/\/drone-video-photo.com\/index.php\/wp-json\/wp\/v2\/pages\/2143","targetHints":{"allow":["GET"]}}],"collection":[{"href":"https:\/\/drone-video-photo.com\/index.php\/wp-json\/wp\/v2\/pages"}],"about":[{"href":"https:\/\/drone-video-photo.com\/index.php\/wp-json\/wp\/v2\/types\/page"}],"author":[{"embeddable":true,"href":"https:\/\/drone-video-photo.com\/index.php\/wp-json\/wp\/v2\/users\/1"}],"replies":[{"embeddable":true,"href":"https:\/\/drone-video-photo.com\/index.php\/wp-json\/wp\/v2\/comments?post=2143"}],"version-history":[{"count":22,"href":"https:\/\/drone-video-photo.com\/index.php\/wp-json\/wp\/v2\/pages\/2143\/revisions"}],"predecessor-version":[{"id":2369,"href":"https:\/\/drone-video-photo.com\/index.php\/wp-json\/wp\/v2\/pages\/2143\/revisions\/2369"}],"wp:attachment":[{"href":"https:\/\/drone-video-photo.com\/index.php\/wp-json\/wp\/v2\/media?parent=2143"}],"curies":[{"name":"wp","href":"https:\/\/api.w.org\/{rel}","templated":true}]}}