{"id":2452,"date":"2024-01-17T11:24:46","date_gmt":"2024-01-17T10:24:46","guid":{"rendered":"https:\/\/drone-video-photo.com\/?page_id=2452"},"modified":"2024-01-17T11:43:43","modified_gmt":"2024-01-17T10:43:43","slug":"on-parle","status":"publish","type":"page","link":"https:\/\/drone-video-photo.com\/index.php\/on-parle\/","title":{"rendered":"On en parle"},"content":{"rendered":"\t\t<div data-elementor-type=\"wp-page\" data-elementor-id=\"2452\" class=\"elementor elementor-2452\">\n\t\t\t\t\t\t<section class=\"elementor-section elementor-top-section elementor-element elementor-element-61f4c71 elementor-section-boxed elementor-section-height-default elementor-section-height-default\" data-id=\"61f4c71\" data-element_type=\"section\" data-e-type=\"section\">\n\t\t\t\t\t\t<div class=\"elementor-container elementor-column-gap-default\">\n\t\t\t\t\t<div class=\"elementor-column elementor-col-100 elementor-top-column elementor-element elementor-element-03c6296\" data-id=\"03c6296\" data-element_type=\"column\" data-e-type=\"column\">\n\t\t\t<div class=\"elementor-widget-wrap elementor-element-populated\">\n\t\t\t\t\t\t<div class=\"elementor-element elementor-element-c8de21a elementor-widget elementor-widget-text-editor\" data-id=\"c8de21a\" data-element_type=\"widget\" data-e-type=\"widget\" data-widget_type=\"text-editor.default\">\n\t\t\t\t<div class=\"elementor-widget-container\">\n\t\t\t\t\t\t\t\t\t<p>La revue de la ville de Pessac publie dans l&rsquo;\u00e9dition de d\u00e9cembre 2023 de la revue mensuelle OP! PESSAC l&rsquo;article \u00ab\u00a0C&rsquo;est Nouveau \u00e0 Pessac\u00a0\u00bb<\/p><p>D<b>rone-Video-Photo, L\u00e9risson Jean-Pierre\u00a0<\/b><\/p><p>Jeune retrait\u00e9, Jean-Pierre L\u00e9risson propose ses services en tant que t\u00e9l\u00e9pilote de\u00a0drone.<\/p><p>Titulaire d\u2019un brevet et d\u2019un certificat d\u2019aptitude de la Direction g\u00e9n\u00e9rale de\u00a0l\u2019aviation civile, il r\u00e9alise photos et vid\u00e9os a\u00e9riennes pour particuliers, artisans ou<br \/>entreprises d\u00e9sireux d\u2019inspecter une toiture ou des panneaux photovolta\u00efques pour\u00a0entretien, r\u00e9novation ou apr\u00e8s une temp\u00eate, de disposer de plans a\u00e9riens d\u2019une maison<br \/>dans le cadre de la vente d\u2019un bien immobilier, ou ayant besoin d\u2019une mod\u00e9lisation 3D\u00a0d\u2019une structure complexe afin d\u2019en calculer les surfaces.\u00a0<\/p><p>\u00ab Je peux \u00e9galement intervenir\u00a0en tant que sous-traitant pour des agences sp\u00e9cialis\u00e9es en \u00e9v\u00e9nementiel ou pour\u00a0compl\u00e9ter le panel de prestations de photographes non form\u00e9s au pilotage de drone\u00a0<span style=\"background-color: var(--ast-global-color-4); color: var(--ast-global-color-3); font-size: 1rem;\">\u00bb<\/span><span style=\"font-style: inherit; font-weight: inherit; background-color: var(--ast-global-color-4); color: var(--ast-global-color-3);\">\u00a0<\/span><\/p><p><span style=\"background-color: var(--ast-global-color-4); color: var(--ast-global-color-3); font-size: 1rem;\">\u00ab\u00a0<\/span>Je\u00a0me d\u00e9place dans toute la Gironde et je pratique des tarifs comp\u00e9titifs \u00bb<\/p><p>T\u00e9l\u00e9phone : 06 61 59 45 47<\/p><p>Email : contact@drone-video-photo.com<\/p><p>Site Internet : www.drone-video-photo.com<\/p>\t\t\t\t\t\t\t\t<\/div>\n\t\t\t\t<\/div>\n\t\t\t\t\t<\/div>\n\t\t<\/div>\n\t\t\t\t\t<\/div>\n\t\t<\/section>\n\t\t\t\t<section class=\"elementor-section elementor-top-section elementor-element elementor-element-c2231cd elementor-section-boxed elementor-section-height-default elementor-section-height-default\" data-id=\"c2231cd\" data-element_type=\"section\" data-e-type=\"section\">\n\t\t\t\t\t\t<div class=\"elementor-container elementor-column-gap-default\">\n\t\t\t\t\t<div class=\"elementor-column elementor-col-50 elementor-top-column elementor-element elementor-element-923ccbb\" data-id=\"923ccbb\" data-element_type=\"column\" data-e-type=\"column\">\n\t\t\t<div class=\"elementor-widget-wrap elementor-element-populated\">\n\t\t\t\t\t\t<div class=\"elementor-element elementor-element-fdfd634 elementor-widget elementor-widget-image\" data-id=\"fdfd634\" data-element_type=\"widget\" data-e-type=\"widget\" data-widget_type=\"image.default\">\n\t\t\t\t<div class=\"elementor-widget-container\">\n\t\t\t\t\t\t\t\t\t\t\t\t\t\t\t<img fetchpriority=\"high\" decoding=\"async\" width=\"1024\" height=\"258\" src=\"https:\/\/drone-video-photo.com\/wp-content\/uploads\/2024\/01\/OP_Pessac_12_2023_bis-1024x258.jpg\" class=\"attachment-large size-large wp-image-2453\" alt=\"\" srcset=\"https:\/\/drone-video-photo.com\/wp-content\/uploads\/2024\/01\/OP_Pessac_12_2023_bis-1024x258.jpg 1024w, https:\/\/drone-video-photo.com\/wp-content\/uploads\/2024\/01\/OP_Pessac_12_2023_bis-300x76.jpg 300w, https:\/\/drone-video-photo.com\/wp-content\/uploads\/2024\/01\/OP_Pessac_12_2023_bis-768x193.jpg 768w, https:\/\/drone-video-photo.com\/wp-content\/uploads\/2024\/01\/OP_Pessac_12_2023_bis-600x151.jpg 600w, https:\/\/drone-video-photo.com\/wp-content\/uploads\/2024\/01\/OP_Pessac_12_2023_bis.jpg 1041w\" sizes=\"(max-width: 1024px) 100vw, 1024px\" \/>\t\t\t\t\t\t\t\t\t\t\t\t\t\t\t<\/div>\n\t\t\t\t<\/div>\n\t\t\t\t<div class=\"elementor-element elementor-element-59ead26 elementor-widget elementor-widget-image\" data-id=\"59ead26\" data-element_type=\"widget\" data-e-type=\"widget\" data-widget_type=\"image.default\">\n\t\t\t\t<div class=\"elementor-widget-container\">\n\t\t\t\t\t\t\t\t\t\t\t\t\t\t\t<img decoding=\"async\" width=\"620\" height=\"218\" src=\"https:\/\/drone-video-photo.com\/wp-content\/uploads\/2024\/01\/OP_Pessac_12_2023_ter.jpg\" class=\"attachment-large size-large wp-image-2455\" alt=\"\" srcset=\"https:\/\/drone-video-photo.com\/wp-content\/uploads\/2024\/01\/OP_Pessac_12_2023_ter.jpg 620w, https:\/\/drone-video-photo.com\/wp-content\/uploads\/2024\/01\/OP_Pessac_12_2023_ter-300x105.jpg 300w, https:\/\/drone-video-photo.com\/wp-content\/uploads\/2024\/01\/OP_Pessac_12_2023_ter-600x211.jpg 600w\" sizes=\"(max-width: 620px) 100vw, 620px\" \/>\t\t\t\t\t\t\t\t\t\t\t\t\t\t\t<\/div>\n\t\t\t\t<\/div>\n\t\t\t\t\t<\/div>\n\t\t<\/div>\n\t\t\t\t<div class=\"elementor-column elementor-col-50 elementor-top-column elementor-element elementor-element-081d2ad\" data-id=\"081d2ad\" data-element_type=\"column\" data-e-type=\"column\">\n\t\t\t<div class=\"elementor-widget-wrap elementor-element-populated\">\n\t\t\t\t\t\t<div class=\"elementor-element elementor-element-2dcaed2 elementor-widget elementor-widget-image\" data-id=\"2dcaed2\" data-element_type=\"widget\" data-e-type=\"widget\" data-widget_type=\"image.default\">\n\t\t\t\t<div class=\"elementor-widget-container\">\n\t\t\t\t\t\t\t\t\t\t\t\t\t\t\t<img decoding=\"async\" width=\"1024\" height=\"392\" src=\"https:\/\/drone-video-photo.com\/wp-content\/uploads\/2024\/01\/OP_Pessac_12_2023-1024x392.jpg\" class=\"attachment-large size-large wp-image-2454\" alt=\"\" srcset=\"https:\/\/drone-video-photo.com\/wp-content\/uploads\/2024\/01\/OP_Pessac_12_2023-1024x392.jpg 1024w, https:\/\/drone-video-photo.com\/wp-content\/uploads\/2024\/01\/OP_Pessac_12_2023-300x115.jpg 300w, https:\/\/drone-video-photo.com\/wp-content\/uploads\/2024\/01\/OP_Pessac_12_2023-768x294.jpg 768w, https:\/\/drone-video-photo.com\/wp-content\/uploads\/2024\/01\/OP_Pessac_12_2023-600x230.jpg 600w, https:\/\/drone-video-photo.com\/wp-content\/uploads\/2024\/01\/OP_Pessac_12_2023.jpg 1236w\" sizes=\"(max-width: 1024px) 100vw, 1024px\" \/>\t\t\t\t\t\t\t\t\t\t\t\t\t\t\t<\/div>\n\t\t\t\t<\/div>\n\t\t\t\t\t<\/div>\n\t\t<\/div>\n\t\t\t\t\t<\/div>\n\t\t<\/section>\n\t\t\t\t<\/div>\n\t\t","protected":false},"excerpt":{"rendered":"<p>La revue de la ville de Pessac publie dans l&rsquo;\u00e9dition de d\u00e9cembre 2023 de la revue mensuelle OP! PESSAC l&rsquo;article \u00ab\u00a0C&rsquo;est Nouveau \u00e0 Pessac\u00a0\u00bb Drone-Video-Photo, L\u00e9risson Jean-Pierre\u00a0 Jeune retrait\u00e9, Jean-Pierre L\u00e9risson propose ses services en tant que t\u00e9l\u00e9pilote de\u00a0drone. Titulaire d\u2019un brevet et d\u2019un certificat d\u2019aptitude de la Direction g\u00e9n\u00e9rale de\u00a0l\u2019aviation civile, il r\u00e9alise photos &hellip;<\/p>\n<p class=\"read-more\"> <a class=\"\" href=\"https:\/\/drone-video-photo.com\/index.php\/on-parle\/\"> <span class=\"screen-reader-text\">On en parle<\/span> Lire la suite\u00a0\u00bb<\/a><\/p>\n","protected":false},"author":1,"featured_media":0,"parent":0,"menu_order":0,"comment_status":"closed","ping_status":"closed","template":"","meta":{"_uag_custom_page_level_css":"","site-sidebar-layout":"no-sidebar","site-content-layout":"page-builder","ast-global-header-display":"","ast-banner-title-visibility":"","ast-main-header-display":"","ast-hfb-above-header-display":"","ast-hfb-below-header-display":"","ast-hfb-mobile-header-display":"","site-post-title":"disabled","ast-breadcrumbs-content":"","ast-featured-img":"disabled","footer-sml-layout":"","theme-transparent-header-meta":"","adv-header-id-meta":"","stick-header-meta":"","header-above-stick-meta":"","header-main-stick-meta":"","header-below-stick-meta":"","footnotes":""},"class_list":["post-2452","page","type-page","status-publish","hentry"],"aioseo_notices":[],"uagb_featured_image_src":{"full":false,"thumbnail":false,"medium":false,"medium_large":false,"large":false,"1536x1536":false,"2048x2048":false,"woocommerce_thumbnail":false,"woocommerce_single":false,"woocommerce_gallery_thumbnail":false},"uagb_author_info":{"display_name":"Drone-Vid\u00e9o-Photo","author_link":"https:\/\/drone-video-photo.com\/index.php\/author\/admin7870\/"},"uagb_comment_info":0,"uagb_excerpt":"La revue de la ville de Pessac publie dans l&rsquo;\u00e9dition de d\u00e9cembre 2023 de la revue mensuelle OP! PESSAC l&rsquo;article \u00ab\u00a0C&rsquo;est Nouveau \u00e0 Pessac\u00a0\u00bb Drone-Video-Photo, L\u00e9risson Jean-Pierre\u00a0 Jeune retrait\u00e9, Jean-Pierre L\u00e9risson propose ses services en tant que t\u00e9l\u00e9pilote de\u00a0drone. Titulaire d\u2019un brevet et d\u2019un certificat d\u2019aptitude de la Direction g\u00e9n\u00e9rale de\u00a0l\u2019aviation civile, il r\u00e9alise photos\u2026","_links":{"self":[{"href":"https:\/\/drone-video-photo.com\/index.php\/wp-json\/wp\/v2\/pages\/2452","targetHints":{"allow":["GET"]}}],"collection":[{"href":"https:\/\/drone-video-photo.com\/index.php\/wp-json\/wp\/v2\/pages"}],"about":[{"href":"https:\/\/drone-video-photo.com\/index.php\/wp-json\/wp\/v2\/types\/page"}],"author":[{"embeddable":true,"href":"https:\/\/drone-video-photo.com\/index.php\/wp-json\/wp\/v2\/users\/1"}],"replies":[{"embeddable":true,"href":"https:\/\/drone-video-photo.com\/index.php\/wp-json\/wp\/v2\/comments?post=2452"}],"version-history":[{"count":17,"href":"https:\/\/drone-video-photo.com\/index.php\/wp-json\/wp\/v2\/pages\/2452\/revisions"}],"predecessor-version":[{"id":2475,"href":"https:\/\/drone-video-photo.com\/index.php\/wp-json\/wp\/v2\/pages\/2452\/revisions\/2475"}],"wp:attachment":[{"href":"https:\/\/drone-video-photo.com\/index.php\/wp-json\/wp\/v2\/media?parent=2452"}],"curies":[{"name":"wp","href":"https:\/\/api.w.org\/{rel}","templated":true}]}}