{"id":2523,"date":"2025-01-20T12:29:52","date_gmt":"2025-01-20T11:29:52","guid":{"rendered":"https:\/\/drone-video-photo.com\/?page_id=2523"},"modified":"2025-01-20T14:05:57","modified_gmt":"2025-01-20T13:05:57","slug":"test-page-html-bis","status":"publish","type":"page","link":"https:\/\/drone-video-photo.com\/index.php\/test-page-html-bis\/","title":{"rendered":"Test page HTML bis"},"content":{"rendered":"\t\t<div data-elementor-type=\"wp-page\" data-elementor-id=\"2523\" class=\"elementor elementor-2523\">\n\t\t\t\t\t\t<section class=\"elementor-section elementor-top-section elementor-element elementor-element-5bf6067 elementor-section-boxed elementor-section-height-default elementor-section-height-default\" data-id=\"5bf6067\" data-element_type=\"section\" data-e-type=\"section\">\n\t\t\t\t\t\t<div class=\"elementor-container elementor-column-gap-default\">\n\t\t\t\t\t<div class=\"elementor-column elementor-col-100 elementor-top-column elementor-element elementor-element-1d6807a\" data-id=\"1d6807a\" data-element_type=\"column\" data-e-type=\"column\">\n\t\t\t<div class=\"elementor-widget-wrap elementor-element-populated\">\n\t\t\t\t\t\t<div class=\"elementor-element elementor-element-5a77dc0 elementor-widget elementor-widget-text-editor\" data-id=\"5a77dc0\" data-element_type=\"widget\" data-e-type=\"widget\" data-widget_type=\"text-editor.default\">\n\t\t\t\t<div class=\"elementor-widget-container\">\n\t\t\t\t\t\t\t\t\t<table style=\"border-collapse: collapse; width: 100%;\"><tbody><tr><td style=\"width: 10%;\">\u00a0R1<\/td><td style=\"width: 10%;\">\u00a0<\/td><td style=\"width: 10%;\">\u00a0<\/td><td style=\"width: 10%;\">\u00a0<\/td><td style=\"width: 10%;\">\u00a0<\/td><td style=\"width: 10%;\">\u00a0<\/td><td style=\"width: 10%;\">\u00a0<\/td><td style=\"width: 10%;\">\u00a0<\/td><td style=\"width: 10%;\">\u00a0<\/td><td style=\"width: 10%;\">\u00a0<\/td><\/tr><tr><td style=\"width: 10%;\">\u00a0<\/td><td style=\"width: 10%;\">\u00a0<\/td><td style=\"width: 10%;\">\u00a0<\/td><td style=\"width: 10%;\">\u00a0<\/td><td style=\"width: 10%;\">\u00a0<\/td><td style=\"width: 10%;\">\u00a0<\/td><td style=\"width: 10%;\">\u00a0<\/td><td style=\"width: 10%;\">\u00a0<\/td><td style=\"width: 10%;\">\u00a0<\/td><td style=\"width: 10%;\">\u00a0<\/td><\/tr><tr><td style=\"width: 10%;\">\u00a0<\/td><td style=\"width: 10%;\">\u00a0<\/td><td style=\"width: 10%;\">\u00a0<\/td><td style=\"width: 10%;\">\u00a0<\/td><td style=\"width: 10%;\">\u00a0<\/td><td style=\"width: 10%;\">\u00a0<\/td><td style=\"width: 10%;\">\u00a0<\/td><td style=\"width: 10%;\">\u00a0<\/td><td style=\"width: 10%;\">\u00a0<\/td><td style=\"width: 10%;\">\u00a0<\/td><\/tr><tr><td style=\"width: 10%;\">\u00a0<\/td><td style=\"width: 10%;\">\u00a0<\/td><td style=\"width: 10%;\">\u00a0<\/td><td style=\"width: 10%;\">\u00a0<\/td><td style=\"width: 10%;\">\u00a0<\/td><td style=\"width: 10%;\">\u00a0<\/td><td style=\"width: 10%;\">\u00a0<\/td><td style=\"width: 10%;\">\u00a0<\/td><td style=\"width: 10%;\">\u00a0<\/td><td style=\"width: 10%;\">\u00a0<\/td><\/tr><tr><td style=\"width: 10%;\">\u00a0<\/td><td style=\"width: 10%;\">\u00a0<\/td><td style=\"width: 10%;\">\u00a0<\/td><td style=\"width: 10%;\">\u00a0<\/td><td style=\"width: 10%;\">\u00a0<\/td><td style=\"width: 10%;\">\u00a0<\/td><td style=\"width: 10%;\">\u00a0<\/td><td style=\"width: 10%;\">\u00a0<\/td><td style=\"width: 10%;\">\u00a0<\/td><td style=\"width: 10%;\">\u00a0<\/td><\/tr><tr><td style=\"width: 10%;\">\u00a0<\/td><td style=\"width: 10%;\">\u00a0<\/td><td style=\"width: 10%;\">\u00a0<\/td><td style=\"width: 10%;\">\u00a0<\/td><td style=\"width: 10%;\">\u00a0<\/td><td style=\"width: 10%;\">\u00a0<\/td><td style=\"width: 10%;\">\u00a0<\/td><td style=\"width: 10%;\">\u00a0<\/td><td style=\"width: 10%;\">\u00a0<\/td><td style=\"width: 10%;\">\u00a0<\/td><\/tr><tr><td style=\"width: 10%;\">\u00a0<\/td><td style=\"width: 10%;\">\u00a0<\/td><td style=\"width: 10%;\">\u00a0<\/td><td style=\"width: 10%;\">\u00a0<\/td><td style=\"width: 10%;\">\u00a0<\/td><td style=\"width: 10%;\">\u00a0<\/td><td style=\"width: 10%;\">\u00a0<\/td><td style=\"width: 10%;\">\u00a0<\/td><td style=\"width: 10%;\">\u00a0<\/td><td style=\"width: 10%;\">\u00a0<\/td><\/tr><tr><td style=\"width: 10%;\">\u00a0<\/td><td style=\"width: 10%;\">\u00a0<\/td><td style=\"width: 10%;\">\u00a0<\/td><td style=\"width: 10%;\">\u00a0<\/td><td style=\"width: 10%;\">\u00a0<\/td><td style=\"width: 10%;\">\u00a0<\/td><td style=\"width: 10%;\">\u00a0<\/td><td style=\"width: 10%;\">\u00a0<\/td><td style=\"width: 10%;\">\u00a0<\/td><td style=\"width: 10%;\">\u00a0<\/td><\/tr><tr><td style=\"width: 10%;\">\u00a0<\/td><td style=\"width: 10%;\">\u00a0<\/td><td style=\"width: 10%;\">\u00a0<\/td><td style=\"width: 10%;\">\u00a0<\/td><td style=\"width: 10%;\">\u00a0<\/td><td style=\"width: 10%;\">\u00a0<\/td><td style=\"width: 10%;\">\u00a0<\/td><td style=\"width: 10%;\">\u00a0<\/td><td style=\"width: 10%;\">\u00a0<\/td><td style=\"width: 10%;\">\u00a0<\/td><\/tr><tr><td style=\"width: 10%;\">\u00a0<\/td><td style=\"width: 10%;\">\u00a0<\/td><td style=\"width: 10%;\">\u00a0<\/td><td style=\"width: 10%;\">\u00a0<\/td><td style=\"width: 10%;\">\u00a0<\/td><td style=\"width: 10%;\">\u00a0<\/td><td style=\"width: 10%;\">\u00a0<\/td><td style=\"width: 10%;\">\u00a0<\/td><td style=\"width: 10%;\">\u00a0<\/td><td style=\"width: 10%;\">\u00a0<\/td><\/tr><\/tbody><\/table><p>\u00a0<\/p>\t\t\t\t\t\t\t\t<\/div>\n\t\t\t\t<\/div>\n\t\t\t\t\t<\/div>\n\t\t<\/div>\n\t\t\t\t\t<\/div>\n\t\t<\/section>\n\t\t\t\t<section class=\"elementor-section elementor-top-section elementor-element elementor-element-63cfde4 elementor-section-boxed elementor-section-height-default elementor-section-height-default\" data-id=\"63cfde4\" data-element_type=\"section\" data-e-type=\"section\">\n\t\t\t\t\t\t<div class=\"elementor-container elementor-column-gap-default\">\n\t\t\t\t\t<div class=\"elementor-column elementor-col-100 elementor-top-column elementor-element elementor-element-a0464cc\" data-id=\"a0464cc\" data-element_type=\"column\" data-e-type=\"column\">\n\t\t\t<div class=\"elementor-widget-wrap elementor-element-populated\">\n\t\t\t\t\t\t<div class=\"elementor-element elementor-element-cec044f elementor-widget elementor-widget-text-editor\" data-id=\"cec044f\" data-element_type=\"widget\" data-e-type=\"widget\" data-widget_type=\"text-editor.default\">\n\t\t\t\t<div class=\"elementor-widget-container\">\n\t\t\t\t\t\t\t\t\t<p>1-1 R\u00e8gle g\u00e9n\u00e9rale<br \/>1-2 Exercer une influence sur le mouvement d\u2019une balle ou modifier les conditions physiques<br \/>\u2013\u2013\u2013\u2013\u2013\u2013\u2013\u2013\u2013\u2013\u2013\u2013\u2013\u2013\u2013\u2013\u2013\u2013\u2013\u2013\u2013\u2013\u2013\u2013\u2013\u2013\u2013\u2013\u2013\u2013\u2013\u2013\u2013\u2013\u2013\u2013\u2013\u2013\u2013\u2013\u2013\u2013\u2013\u2013\u2013\u2013\u2013\u2013\u2013\u2013\u2013\u2013\u2013\u2013\u2013\u2013\u2013<br \/>*P\u00c9NALIT\u00c9 POUR INFRACTION A LA R\u00c8GLE 1-2 :<br \/>Match play \u2013 perte du trou ; Stroke play \u2013 deux coups<br \/>* Dans le cas d&rsquo;une grave infraction \u00e0 la R\u00e8gle 1-2, le Comit\u00e9 peut imposer une p\u00e9nalit\u00e9 de disqualification.\u00a0<br \/>\u2013\u2013\u2013\u2013\u2013\u2013\u2013\u2013\u2013\u2013\u2013\u2013\u2013\u2013\u2013\u2013\u2013\u2013\u2013\u2013\u2013\u2013\u2013\u2013\u2013\u2013\u2013\u2013\u2013\u2013\u2013\u2013\u2013\u2013\u2013\u2013\u2013\u2013\u2013\u2013\u2013\u2013\u2013\u2013\u2013\u2013\u2013\u2013\u2013\u2013\u2013\u2013\u2013\u2013\u2013\u2013\u2013<br \/>1-3 Entente pour d\u00e9roger aux R\u00e8gles liens<br \/>\u2013\u2013\u2013\u2013\u2013\u2013\u2013\u2013\u2013\u2013\u2013\u2013\u2013\u2013\u2013\u2013\u2013\u2013\u2013\u2013\u2013\u2013\u2013\u2013\u2013\u2013\u2013\u2013\u2013\u2013\u2013\u2013\u2013\u2013\u2013\u2013\u2013\u2013\u2013\u2013\u2013\u2013\u2013\u2013\u2013\u2013\u2013\u2013\u2013\u2013\u2013\u2013\u2013\u2013\u2013\u2013\u2013<br \/>P\u00c9NALIT\u00c9 POUR INFRACTION A LA R\u00c8GLE 1-3 :<br \/>Match play \u2013 disqualification des deux camps ;<br \/>Stroke play \u2013 disqualification des comp\u00e9titeurs concern\u00e9s.<br \/>(S\u2019entendre pour jouer hors tour en stroke play \u2013 voir\u00a0<a href=\"R10.html#R102C\" target=\"_blank\" rel=\"noopener\">R\u00e8gle 10-2c<\/a>).<br \/>\u2013\u2013\u2013\u2013\u2013\u2013\u2013\u2013\u2013\u2013\u2013\u2013\u2013\u2013\u2013\u2013\u2013\u2013\u2013\u2013\u2013\u2013\u2013\u2013\u2013\u2013\u2013\u2013\u2013\u2013\u2013\u2013\u2013\u2013\u2013\u2013\u2013\u2013\u2013\u2013\u2013\u2013\u2013\u2013\u2013\u2013\u2013\u2013\u2013\u2013\u2013\u2013\u2013\u2013\u2013\u2013\u2013<br \/>1-4 Points non couverts par les R\u00e8gles.<\/p><p>Lorem ipsum dolor sit amet, consectetur adipiscing elit. Ut elit tellus, luctus nec ullamcorper mattis, pulvinar dapibus leo.<\/p>\t\t\t\t\t\t\t\t<\/div>\n\t\t\t\t<\/div>\n\t\t\t\t\t<\/div>\n\t\t<\/div>\n\t\t\t\t\t<\/div>\n\t\t<\/section>\n\t\t\t\t<\/div>\n\t\t","protected":false},"excerpt":{"rendered":"<p>\u00a0R1 \u00a0 \u00a0 \u00a0 \u00a0 \u00a0 \u00a0 \u00a0 \u00a0 \u00a0 \u00a0 \u00a0 \u00a0 \u00a0 \u00a0 \u00a0 \u00a0 \u00a0 \u00a0 \u00a0 \u00a0 \u00a0 \u00a0 \u00a0 \u00a0 \u00a0 \u00a0 \u00a0 \u00a0 \u00a0 \u00a0 \u00a0 \u00a0 \u00a0 \u00a0 \u00a0 \u00a0 \u00a0 \u00a0 \u00a0 \u00a0 \u00a0 \u00a0 \u00a0 \u00a0 \u00a0 \u00a0 \u00a0 \u00a0 \u00a0 \u00a0 \u00a0 \u00a0 \u00a0 \u00a0 &hellip;<\/p>\n<p class=\"read-more\"> <a class=\"\" href=\"https:\/\/drone-video-photo.com\/index.php\/test-page-html-bis\/\"> <span class=\"screen-reader-text\">Test page HTML bis<\/span> Lire la suite\u00a0\u00bb<\/a><\/p>\n","protected":false},"author":1,"featured_media":0,"parent":0,"menu_order":0,"comment_status":"closed","ping_status":"closed","template":"","meta":{"_uag_custom_page_level_css":"","site-sidebar-layout":"no-sidebar","site-content-layout":"page-builder","ast-global-header-display":"","ast-banner-title-visibility":"","ast-main-header-display":"","ast-hfb-above-header-display":"","ast-hfb-below-header-display":"","ast-hfb-mobile-header-display":"","site-post-title":"disabled","ast-breadcrumbs-content":"","ast-featured-img":"disabled","footer-sml-layout":"","theme-transparent-header-meta":"","adv-header-id-meta":"","stick-header-meta":"","header-above-stick-meta":"","header-main-stick-meta":"","header-below-stick-meta":"","footnotes":""},"class_list":["post-2523","page","type-page","status-publish","hentry"],"aioseo_notices":[],"uagb_featured_image_src":{"full":false,"thumbnail":false,"medium":false,"medium_large":false,"large":false,"1536x1536":false,"2048x2048":false,"woocommerce_thumbnail":false,"woocommerce_single":false,"woocommerce_gallery_thumbnail":false},"uagb_author_info":{"display_name":"Drone-Vid\u00e9o-Photo","author_link":"https:\/\/drone-video-photo.com\/index.php\/author\/admin7870\/"},"uagb_comment_info":0,"uagb_excerpt":"\u00a0R1 \u00a0 \u00a0 \u00a0 \u00a0 \u00a0 \u00a0 \u00a0 \u00a0 \u00a0 \u00a0 \u00a0 \u00a0 \u00a0 \u00a0 \u00a0 \u00a0 \u00a0 \u00a0 \u00a0 \u00a0 \u00a0 \u00a0 \u00a0 \u00a0 \u00a0 \u00a0 \u00a0 \u00a0 \u00a0 \u00a0 \u00a0 \u00a0 \u00a0 \u00a0 \u00a0 \u00a0 \u00a0 \u00a0 \u00a0 \u00a0 \u00a0 \u00a0 \u00a0 \u00a0 \u00a0 \u00a0 \u00a0 \u00a0 \u00a0 \u00a0 \u00a0 \u00a0 \u00a0 \u00a0\u2026","_links":{"self":[{"href":"https:\/\/drone-video-photo.com\/index.php\/wp-json\/wp\/v2\/pages\/2523","targetHints":{"allow":["GET"]}}],"collection":[{"href":"https:\/\/drone-video-photo.com\/index.php\/wp-json\/wp\/v2\/pages"}],"about":[{"href":"https:\/\/drone-video-photo.com\/index.php\/wp-json\/wp\/v2\/types\/page"}],"author":[{"embeddable":true,"href":"https:\/\/drone-video-photo.com\/index.php\/wp-json\/wp\/v2\/users\/1"}],"replies":[{"embeddable":true,"href":"https:\/\/drone-video-photo.com\/index.php\/wp-json\/wp\/v2\/comments?post=2523"}],"version-history":[{"count":4,"href":"https:\/\/drone-video-photo.com\/index.php\/wp-json\/wp\/v2\/pages\/2523\/revisions"}],"predecessor-version":[{"id":2528,"href":"https:\/\/drone-video-photo.com\/index.php\/wp-json\/wp\/v2\/pages\/2523\/revisions\/2528"}],"wp:attachment":[{"href":"https:\/\/drone-video-photo.com\/index.php\/wp-json\/wp\/v2\/media?parent=2523"}],"curies":[{"name":"wp","href":"https:\/\/api.w.org\/{rel}","templated":true}]}}