{"id":2148,"date":"2023-11-17T12:06:43","date_gmt":"2023-11-17T11:06:43","guid":{"rendered":"https:\/\/drone-video-photo.com\/?post_type=product&#038;p=2148"},"modified":"2023-11-29T18:53:55","modified_gmt":"2023-11-29T17:53:55","slug":"carte-cadeau-50e","status":"publish","type":"product","link":"https:\/\/drone-video-photo.com\/index.php\/produit\/carte-cadeau-50e\/","title":{"rendered":"Carte cadeau 50\u20ac"},"content":{"rendered":"\n<p class=\"has-ast-global-color-0-color has-ast-global-color-5-background-color has-text-color has-background has-link-color wp-elements-bf92838d4a998a704a1be68a40283e3c\">Vous passez commande de la carte cadeau \u00e0 50\u20ac. Le b\u00e9n\u00e9ficiaire de la carte cadeau commande par la suite (par exemple) une prestation \u00e0 70\u20ac (10 photos a\u00e9riennes, hors frais de mission). Lorsque vous commandez la carte cadeau, communiquer par mail les coordonn\u00e9es du b\u00e9n\u00e9ficiaire (nom, t\u00e9l\u00e9phone, adresse E-Mail). Un code de bon de r\u00e9duction de 50\u20ac est envoy\u00e9 au b\u00e9n\u00e9ficiaire. Il commande alors la prestation sur le site. Le co\u00fbt final est de 20\u20ac. <\/p>\n","protected":false},"excerpt":{"rendered":"<p>Carte cadeau 50\u20ac \u00e0 valoir sur une prestation drone<\/p>\n","protected":false},"featured_media":2149,"comment_status":"open","ping_status":"closed","template":"","meta":{"_uag_custom_page_level_css":"","site-sidebar-layout":"default","site-content-layout":"default","ast-global-header-display":"","ast-banner-title-visibility":"","ast-main-header-display":"","ast-hfb-above-header-display":"","ast-hfb-below-header-display":"","ast-hfb-mobile-header-display":"","site-post-title":"","ast-breadcrumbs-content":"","ast-featured-img":"","footer-sml-layout":"","theme-transparent-header-meta":"","adv-header-id-meta":"","stick-header-meta":"","header-above-stick-meta":"","header-main-stick-meta":"","header-below-stick-meta":""},"product_brand":[],"product_cat":[33],"product_tag":[],"class_list":{"0":"post-2148","1":"product","2":"type-product","3":"status-publish","4":"has-post-thumbnail","6":"product_cat-non-classe","7":"desktop-align-left","8":"tablet-align-left","9":"mobile-align-left","11":"first","12":"instock","13":"shipping-taxable","14":"purchasable","15":"product-type-simple"},"aioseo_notices":[],"uagb_featured_image_src":{"full":["https:\/\/drone-video-photo.com\/wp-content\/uploads\/2023\/11\/Carte_cadeau_50.png",600,600,false],"thumbnail":["https:\/\/drone-video-photo.com\/wp-content\/uploads\/2023\/11\/Carte_cadeau_50-150x150.png",150,150,true],"medium":["https:\/\/drone-video-photo.com\/wp-content\/uploads\/2023\/11\/Carte_cadeau_50-300x300.png",300,300,true],"medium_large":["https:\/\/drone-video-photo.com\/wp-content\/uploads\/2023\/11\/Carte_cadeau_50.png",600,600,false],"large":["https:\/\/drone-video-photo.com\/wp-content\/uploads\/2023\/11\/Carte_cadeau_50.png",600,600,false],"1536x1536":["https:\/\/drone-video-photo.com\/wp-content\/uploads\/2023\/11\/Carte_cadeau_50.png",600,600,false],"2048x2048":["https:\/\/drone-video-photo.com\/wp-content\/uploads\/2023\/11\/Carte_cadeau_50.png",600,600,false],"woocommerce_thumbnail":["https:\/\/drone-video-photo.com\/wp-content\/uploads\/2023\/11\/Carte_cadeau_50-300x300.png",300,300,true],"woocommerce_single":["https:\/\/drone-video-photo.com\/wp-content\/uploads\/2023\/11\/Carte_cadeau_50.png",600,600,false],"woocommerce_gallery_thumbnail":["https:\/\/drone-video-photo.com\/wp-content\/uploads\/2023\/11\/Carte_cadeau_50-100x100.png",100,100,true]},"uagb_author_info":{"display_name":"Drone-Vid\u00e9o-Photo","author_link":"https:\/\/drone-video-photo.com\/index.php\/author\/"},"uagb_comment_info":0,"uagb_excerpt":"Carte cadeau 50\u20ac \u00e0 valoir sur une prestation drone","_links":{"self":[{"href":"https:\/\/drone-video-photo.com\/index.php\/wp-json\/wp\/v2\/product\/2148","targetHints":{"allow":["GET"]}}],"collection":[{"href":"https:\/\/drone-video-photo.com\/index.php\/wp-json\/wp\/v2\/product"}],"about":[{"href":"https:\/\/drone-video-photo.com\/index.php\/wp-json\/wp\/v2\/types\/product"}],"replies":[{"embeddable":true,"href":"https:\/\/drone-video-photo.com\/index.php\/wp-json\/wp\/v2\/comments?post=2148"}],"wp:featuredmedia":[{"embeddable":true,"href":"https:\/\/drone-video-photo.com\/index.php\/wp-json\/wp\/v2\/media\/2149"}],"wp:attachment":[{"href":"https:\/\/drone-video-photo.com\/index.php\/wp-json\/wp\/v2\/media?parent=2148"}],"wp:term":[{"taxonomy":"product_brand","embeddable":true,"href":"https:\/\/drone-video-photo.com\/index.php\/wp-json\/wp\/v2\/product_brand?post=2148"},{"taxonomy":"product_cat","embeddable":true,"href":"https:\/\/drone-video-photo.com\/index.php\/wp-json\/wp\/v2\/product_cat?post=2148"},{"taxonomy":"product_tag","embeddable":true,"href":"https:\/\/drone-video-photo.com\/index.php\/wp-json\/wp\/v2\/product_tag?post=2148"}],"curies":[{"name":"wp","href":"https:\/\/api.w.org\/{rel}","templated":true}]}}