{"id":2311,"date":"2023-11-28T09:54:26","date_gmt":"2023-11-28T08:54:26","guid":{"rendered":"https:\/\/drone-video-photo.com\/?post_type=product&#038;p=2311"},"modified":"2023-11-28T10:11:15","modified_gmt":"2023-11-28T09:11:15","slug":"pack-10-photos-aerienne-maison-propriete-pour-particulier-sur-communaute-de-bordeaux","status":"publish","type":"product","link":"https:\/\/drone-video-photo.com\/index.php\/produit\/pack-10-photos-aerienne-maison-propriete-pour-particulier-sur-communaute-de-bordeaux\/","title":{"rendered":"Pack 10 photos a\u00e9riennes maison-propri\u00e9t\u00e9 par drone pour particulier (sur communaut\u00e9 urbaine de Bordeaux)"},"content":{"rendered":"\n<p class=\"has-ast-global-color-5-background-color has-background\">Nous vous proposons : 1) <strong>Prestation de prise de vues a\u00e9rienne par drone de votre maison-propri\u00e9t\u00e9. <\/strong>Livraison num\u00e9rique de 10 photos : <strong>70\u20ac<\/strong>. Possibilit\u00e9 de livraison en format physique (impression photo, encadrement) sur demande. 2) <strong>Frais de mission<\/strong> (d\u00e9placement sur site, traitement des autorisations de vol en agglom\u00e9ration ou zone proche d&rsquo;un a\u00e9roport) : <strong>15 \u20ac<\/strong> sur les communes de la communaut\u00e9 urbaine de Bordeaux (Pessac, M\u00e9rignac, Gradignan, Villenave d&rsquo;Ornon,&#8230;).  <\/p>\n\n\n\n<p><\/p>\n","protected":false},"excerpt":{"rendered":"<p>Prestation de prises de vues-photos a\u00e9riennes par drone maison-propri\u00e9t\u00e9 pour particulier.<br \/>Livraison de 10 photos en format num\u00e9rique. Impression sur papier photo, encadrement : sur demande. Frais de mission de vol de drone et d\u00e9placement sur la CUB inclus.<\/p>\n","protected":false},"featured_media":1740,"comment_status":"open","ping_status":"closed","template":"","meta":{"_uag_custom_page_level_css":"","site-sidebar-layout":"default","site-content-layout":"default","ast-global-header-display":"","ast-banner-title-visibility":"","ast-main-header-display":"","ast-hfb-above-header-display":"","ast-hfb-below-header-display":"","ast-hfb-mobile-header-display":"","site-post-title":"","ast-breadcrumbs-content":"","ast-featured-img":"","footer-sml-layout":"","theme-transparent-header-meta":"","adv-header-id-meta":"","stick-header-meta":"","header-above-stick-meta":"","header-main-stick-meta":"","header-below-stick-meta":""},"product_brand":[],"product_cat":[33],"product_tag":[],"class_list":{"0":"post-2311","1":"product","2":"type-product","3":"status-publish","4":"has-post-thumbnail","6":"product_cat-non-classe","7":"desktop-align-left","8":"tablet-align-left","9":"mobile-align-left","11":"first","12":"instock","13":"sale","14":"shipping-taxable","15":"purchasable","16":"product-type-simple"},"aioseo_notices":[],"uagb_featured_image_src":{"full":["https:\/\/drone-video-photo.com\/wp-content\/uploads\/2023\/10\/DJI_0964-scaled.jpg",2560,1920,false],"thumbnail":["https:\/\/drone-video-photo.com\/wp-content\/uploads\/2023\/10\/DJI_0964-150x150.jpg",150,150,true],"medium":["https:\/\/drone-video-photo.com\/wp-content\/uploads\/2023\/10\/DJI_0964-300x225.jpg",300,225,true],"medium_large":["https:\/\/drone-video-photo.com\/wp-content\/uploads\/2023\/10\/DJI_0964-768x576.jpg",768,576,true],"large":["https:\/\/drone-video-photo.com\/wp-content\/uploads\/2023\/10\/DJI_0964-1024x768.jpg",1024,768,true],"1536x1536":["https:\/\/drone-video-photo.com\/wp-content\/uploads\/2023\/10\/DJI_0964-1536x1152.jpg",1536,1152,true],"2048x2048":["https:\/\/drone-video-photo.com\/wp-content\/uploads\/2023\/10\/DJI_0964-2048x1536.jpg",2048,1536,true],"woocommerce_thumbnail":["https:\/\/drone-video-photo.com\/wp-content\/uploads\/2023\/10\/DJI_0964-scaled-300x300.jpg",300,300,true],"woocommerce_single":["https:\/\/drone-video-photo.com\/wp-content\/uploads\/2023\/10\/DJI_0964-scaled-600x450.jpg",600,450,true],"woocommerce_gallery_thumbnail":["https:\/\/drone-video-photo.com\/wp-content\/uploads\/2023\/10\/DJI_0964-scaled-100x100.jpg",100,100,true]},"uagb_author_info":{"display_name":"Drone-Vid\u00e9o-Photo","author_link":"https:\/\/drone-video-photo.com\/index.php\/author\/"},"uagb_comment_info":0,"uagb_excerpt":"Prestation de prises de vues-photos a\u00e9riennes par drone maison-propri\u00e9t\u00e9 pour particulier.Livraison de 10 photos en format num\u00e9rique. Impression sur papier photo, encadrement : sur demande. Frais de mission de vol de drone et d\u00e9placement sur la CUB inclus.","_links":{"self":[{"href":"https:\/\/drone-video-photo.com\/index.php\/wp-json\/wp\/v2\/product\/2311","targetHints":{"allow":["GET"]}}],"collection":[{"href":"https:\/\/drone-video-photo.com\/index.php\/wp-json\/wp\/v2\/product"}],"about":[{"href":"https:\/\/drone-video-photo.com\/index.php\/wp-json\/wp\/v2\/types\/product"}],"replies":[{"embeddable":true,"href":"https:\/\/drone-video-photo.com\/index.php\/wp-json\/wp\/v2\/comments?post=2311"}],"wp:featuredmedia":[{"embeddable":true,"href":"https:\/\/drone-video-photo.com\/index.php\/wp-json\/wp\/v2\/media\/1740"}],"wp:attachment":[{"href":"https:\/\/drone-video-photo.com\/index.php\/wp-json\/wp\/v2\/media?parent=2311"}],"wp:term":[{"taxonomy":"product_brand","embeddable":true,"href":"https:\/\/drone-video-photo.com\/index.php\/wp-json\/wp\/v2\/product_brand?post=2311"},{"taxonomy":"product_cat","embeddable":true,"href":"https:\/\/drone-video-photo.com\/index.php\/wp-json\/wp\/v2\/product_cat?post=2311"},{"taxonomy":"product_tag","embeddable":true,"href":"https:\/\/drone-video-photo.com\/index.php\/wp-json\/wp\/v2\/product_tag?post=2311"}],"curies":[{"name":"wp","href":"https:\/\/api.w.org\/{rel}","templated":true}]}}