{"id":2314,"date":"2023-11-28T10:21:23","date_gmt":"2023-11-28T09:21:23","guid":{"rendered":"https:\/\/drone-video-photo.com\/?post_type=product&#038;p=2314"},"modified":"2023-11-29T17:02:25","modified_gmt":"2023-11-29T16:02:25","slug":"video-aerienne-2-minutes-par-drone-maison-propriete-pour-particulier-sur-communaute-urbaine-de-bordeaux","status":"publish","type":"product","link":"https:\/\/drone-video-photo.com\/index.php\/produit\/video-aerienne-2-minutes-par-drone-maison-propriete-pour-particulier-sur-communaute-urbaine-de-bordeaux\/","title":{"rendered":"Vid\u00e9o a\u00e9rienne 2 minutes par drone maison-propri\u00e9t\u00e9 pour particulier (sur communaut\u00e9 urbaine de Bordeaux)"},"content":{"rendered":"\n<p class=\"has-ast-global-color-5-background-color has-background\">Nous vous proposons : 1) <strong>Prestation de r\u00e9alisation d&rsquo;une vid\u00e9o a\u00e9rienne par drone de 2 minutes, montage compris de votre maison-propri\u00e9t\u00e9. <\/strong>Livraison num\u00e9rique de la vid\u00e9o : <strong>130\u20ac<\/strong>. 2) <strong>Frais de mission<\/strong> (d\u00e9placement sur site, traitement des autorisations de vol en agglom\u00e9ration ou zone proche d&rsquo;un a\u00e9roport) : <strong>15 \u20ac<\/strong> sur les communes de la communaut\u00e9 urbaine de Bordeaux (Pessac, M\u00e9rignac, Gradignan, Villenave d&rsquo;Ornon,&#8230;).  <\/p>\n\n\n\n<p><\/p>\n","protected":false},"excerpt":{"rendered":"<p>Prestation de vid\u00e9o a\u00e9rienne par drone maison-propri\u00e9t\u00e9 pour particulier. <br \/>Livraison d&rsquo;une vid\u00e9o de 2 minutes, montage compris, en format num\u00e9rique. Frais de mission de vol de drone et d\u00e9placement sur la CUB inclus. Exemples de vid\u00e9os sur le site.<\/p>\n","protected":false},"featured_media":2313,"comment_status":"open","ping_status":"closed","template":"","meta":{"_uag_custom_page_level_css":"","site-sidebar-layout":"default","site-content-layout":"default","ast-global-header-display":"","ast-banner-title-visibility":"","ast-main-header-display":"","ast-hfb-above-header-display":"","ast-hfb-below-header-display":"","ast-hfb-mobile-header-display":"","site-post-title":"","ast-breadcrumbs-content":"","ast-featured-img":"","footer-sml-layout":"","theme-transparent-header-meta":"","adv-header-id-meta":"","stick-header-meta":"","header-above-stick-meta":"","header-main-stick-meta":"","header-below-stick-meta":""},"product_brand":[],"product_cat":[33],"product_tag":[],"class_list":{"0":"post-2314","1":"product","2":"type-product","3":"status-publish","4":"has-post-thumbnail","6":"product_cat-non-classe","7":"desktop-align-left","8":"tablet-align-left","9":"mobile-align-left","11":"first","12":"instock","13":"sale","14":"shipping-taxable","15":"purchasable","16":"product-type-simple"},"aioseo_notices":[],"uagb_featured_image_src":{"full":["https:\/\/drone-video-photo.com\/wp-content\/uploads\/2023\/11\/Capture_Vegas.jpg",1920,1038,false],"thumbnail":["https:\/\/drone-video-photo.com\/wp-content\/uploads\/2023\/11\/Capture_Vegas-150x150.jpg",150,150,true],"medium":["https:\/\/drone-video-photo.com\/wp-content\/uploads\/2023\/11\/Capture_Vegas-300x162.jpg",300,162,true],"medium_large":["https:\/\/drone-video-photo.com\/wp-content\/uploads\/2023\/11\/Capture_Vegas-768x415.jpg",768,415,true],"large":["https:\/\/drone-video-photo.com\/wp-content\/uploads\/2023\/11\/Capture_Vegas-1024x554.jpg",1024,554,true],"1536x1536":["https:\/\/drone-video-photo.com\/wp-content\/uploads\/2023\/11\/Capture_Vegas-1536x830.jpg",1536,830,true],"2048x2048":["https:\/\/drone-video-photo.com\/wp-content\/uploads\/2023\/11\/Capture_Vegas.jpg",1920,1038,false],"woocommerce_thumbnail":["https:\/\/drone-video-photo.com\/wp-content\/uploads\/2023\/11\/Capture_Vegas-300x300.jpg",300,300,true],"woocommerce_single":["https:\/\/drone-video-photo.com\/wp-content\/uploads\/2023\/11\/Capture_Vegas-600x324.jpg",600,324,true],"woocommerce_gallery_thumbnail":["https:\/\/drone-video-photo.com\/wp-content\/uploads\/2023\/11\/Capture_Vegas-100x100.jpg",100,100,true]},"uagb_author_info":{"display_name":"Drone-Vid\u00e9o-Photo","author_link":"https:\/\/drone-video-photo.com\/index.php\/author\/"},"uagb_comment_info":0,"uagb_excerpt":"Prestation de vid\u00e9o a\u00e9rienne par drone maison-propri\u00e9t\u00e9 pour particulier. Livraison d'une vid\u00e9o de 2 minutes, montage compris, en format num\u00e9rique. Frais de mission de vol de drone et d\u00e9placement sur la CUB inclus. Exemples de vid\u00e9os sur le site.","_links":{"self":[{"href":"https:\/\/drone-video-photo.com\/index.php\/wp-json\/wp\/v2\/product\/2314","targetHints":{"allow":["GET"]}}],"collection":[{"href":"https:\/\/drone-video-photo.com\/index.php\/wp-json\/wp\/v2\/product"}],"about":[{"href":"https:\/\/drone-video-photo.com\/index.php\/wp-json\/wp\/v2\/types\/product"}],"replies":[{"embeddable":true,"href":"https:\/\/drone-video-photo.com\/index.php\/wp-json\/wp\/v2\/comments?post=2314"}],"wp:featuredmedia":[{"embeddable":true,"href":"https:\/\/drone-video-photo.com\/index.php\/wp-json\/wp\/v2\/media\/2313"}],"wp:attachment":[{"href":"https:\/\/drone-video-photo.com\/index.php\/wp-json\/wp\/v2\/media?parent=2314"}],"wp:term":[{"taxonomy":"product_brand","embeddable":true,"href":"https:\/\/drone-video-photo.com\/index.php\/wp-json\/wp\/v2\/product_brand?post=2314"},{"taxonomy":"product_cat","embeddable":true,"href":"https:\/\/drone-video-photo.com\/index.php\/wp-json\/wp\/v2\/product_cat?post=2314"},{"taxonomy":"product_tag","embeddable":true,"href":"https:\/\/drone-video-photo.com\/index.php\/wp-json\/wp\/v2\/product_tag?post=2314"}],"curies":[{"name":"wp","href":"https:\/\/api.w.org\/{rel}","templated":true}]}}